{"id":2296,"date":"2018-09-24T16:31:27","date_gmt":"2018-09-24T20:31:27","guid":{"rendered":"https:\/\/academiecapucin.com\/?post_type=product&#038;p=2296"},"modified":"2022-07-19T10:35:08","modified_gmt":"2022-07-19T14:35:08","slug":"sante-naturelle-enfants-accreditation","status":"publish","type":"product","link":"https:\/\/academiecapucin.com\/en\/boutique\/sante-naturelle-enfants-accreditation\/","title":{"rendered":"Formation int\u00e9grale (avec certification) en naturopathie pour enfants | 60 h"},"content":{"rendered":"<p>Votre formatrice,\u00a0<a href=\"https:\/\/academiecapucin.com\/biographie-marilene-fortin-perreault\/\"><strong>MARIL\u00c8NE FORTIN-PERREAULT<\/strong><\/a><strong>,\u00a0<\/strong>naturopathe dipl\u00f4m\u00e9e et cumulant plus de 20 ans d\u2019exp\u00e9rience dans les soins naturels pour les enfants et leur famille, vous partagera sa passion de la naturopathie \u00e0 travers cette formation sp\u00e9cialis\u00e9e. Plusieurs invit\u00e9s sp\u00e9cialistes dans leur domaine seront \u00e9galement au rendez-vous\u00a0: une hom\u00e9opathe, plusieurs naturopathes, des aromath\u00e9rapeutes, une sage-femme, un inhaloth\u00e9rapeute, des auteurs, des chercheurs et des conf\u00e9renciers.<\/p>\n<p>Dans cette formation, vous apprendrez \u00e0 soigner les enfants gr\u00e2ce \u00e0 diverses alternatives naturelles et efficaces. De multiples moyens d\u2019intervenir en pr\u00e9vention vous seront pr\u00e9sent\u00e9s, en plus de plusieurs outils pour soigner diverses maladies infectieuses, bact\u00e9riennes, virales ou fongiques.<\/p>\n<p><span style=\"font-weight: 400;\">\u00c0 la fin de cette formation et apr\u00e8s avoir pass\u00e9 l\u2019examen final, vous recevrez une certification attestant que vous avez compl\u00e9t\u00e9 avec succ\u00e8s le programme.<\/span><\/p>\n","protected":false},"excerpt":{"rendered":"<p><span style=\"font-weight: 400;\">La <\/span><b>formation int\u00e9grale en naturopathie pour enfants<\/b><span style=\"font-weight: 400;\"> est un programme en ligne complet, avec certification, qui s\u2019adresse aux th\u00e9rapeutes et aux personnes qui d\u00e9sirent parfaire leurs connaissances en sant\u00e9 naturelle pour les enfants. Cette formation est d\u2019une dur\u00e9e totale de 60 heures et comprend 5 modules. Chacun des modules est d\u2019une dur\u00e9e de 12 heures.<\/span><\/p>\n","protected":false},"featured_media":6588,"template":"","meta":{"pmpro_default_level":"","_monsterinsights_skip_tracking":false,"_monsterinsights_sitenote_active":false,"_monsterinsights_sitenote_note":"","_monsterinsights_sitenote_category":0},"product_brand":[],"product_cat":[104],"product_tag":[140,101],"class_list":{"0":"post-2296","1":"product","2":"type-product","3":"status-publish","4":"has-post-thumbnail","6":"product_cat-cours","7":"product_tag-formation-avancee","8":"product_tag-soins-naturels-enfants","9":"pmpro-has-access","11":"first","12":"instock","13":"featured","14":"virtual","15":"sold-individually","16":"taxable","17":"purchasable","18":"product-type-course"},"_links":{"self":[{"href":"https:\/\/academiecapucin.com\/en\/wp-json\/wp\/v2\/product\/2296","targetHints":{"allow":["GET"]}}],"collection":[{"href":"https:\/\/academiecapucin.com\/en\/wp-json\/wp\/v2\/product"}],"about":[{"href":"https:\/\/academiecapucin.com\/en\/wp-json\/wp\/v2\/types\/product"}],"wp:featuredmedia":[{"embeddable":true,"href":"https:\/\/academiecapucin.com\/en\/wp-json\/wp\/v2\/media\/6588"}],"wp:attachment":[{"href":"https:\/\/academiecapucin.com\/en\/wp-json\/wp\/v2\/media?parent=2296"}],"wp:term":[{"taxonomy":"product_brand","embeddable":true,"href":"https:\/\/academiecapucin.com\/en\/wp-json\/wp\/v2\/product_brand?post=2296"},{"taxonomy":"product_cat","embeddable":true,"href":"https:\/\/academiecapucin.com\/en\/wp-json\/wp\/v2\/product_cat?post=2296"},{"taxonomy":"product_tag","embeddable":true,"href":"https:\/\/academiecapucin.com\/en\/wp-json\/wp\/v2\/product_tag?post=2296"}],"curies":[{"name":"wp","href":"https:\/\/api.w.org\/{rel}","templated":true}]}}