{"id":3235,"date":"2019-03-22T17:41:39","date_gmt":"2019-03-22T21:41:39","guid":{"rendered":"https:\/\/academiecapucin.com\/?post_type=product&#038;p=3235"},"modified":"2022-07-19T10:34:42","modified_gmt":"2022-07-19T14:34:42","slug":"academie-capucin-module-bloc-2-10-les-maladies-infantiles","status":"publish","type":"product","link":"https:\/\/academiecapucin.com\/en\/boutique\/academie-capucin-module-bloc-2-10-les-maladies-infantiles\/","title":{"rendered":"Formation en naturopathie pour enfants | Les maladies infantiles | Module 1, 2e partie  | 6 heures"},"content":{"rendered":"<p>Vous verrez tous les sympt\u00f4mes, les p\u00e9riodes de contagion et d\u2019incubation ainsi que les traitements naturels propos\u00e9s pour chacune des maladies infantiles virales suivantes :<\/p>\n<p>\u2022 La rub\u00e9ole<br \/>\n\u2022 La rougeole<br \/>\n\u2022 La varicelle<br \/>\n\u2022 Les oreillons<br \/>\n\u2022 La ros\u00e9ole<br \/>\n\u2022 Le pied-main-bouche<br \/>\n\u2022 Le molluscum contagiosum<br \/>\n\u2022 La 5e maladie<br \/>\n\u2022 La poliomy\u00e9lite<\/p>\n<p>Par la suite, les maladies infantiles bact\u00e9riennes suivantes seront pr\u00e9sent\u00e9es en d\u00e9tails :<\/p>\n<p>\u2022 La coqueluche<br \/>\n\u2022 La m\u00e9ningite<br \/>\n\u2022 La dipht\u00e9rie<br \/>\n\u2022 Le t\u00e9tanos<br \/>\n\u2022 L\u2019imp\u00e9digo<\/p>\n<p>&nbsp;<\/p>\n","protected":false},"excerpt":{"rendered":"<p>Les maladies telles que la rub\u00e9ole, la rougeole ou les oreillons vous donnent des frissons? Vous travaillez aupr\u00e8s d\u2019enfants et vous aimeriez conna\u00eetre les infections virales et bact\u00e9riennes qui peuvent les toucher?<\/p>\n<p>Ce cours de 6 heures, donn\u00e9 par Maril\u00e8ne Perreault, vous permettra d\u2019apprendre quelles sont les maladies infantiles bact\u00e9riennes et virales et de les reconna\u00eetre si vous \u00eates face \u00e0 un enfant malade. Il vous permettra de d\u00e9tecter les maladies infantiles et d\u2019agir rapidement pour soulager les enfants et \u00e9viter la contagion!<\/p>\n<p>Finalement, H\u00e9l\u00e8ne Maheux, hom\u00e9opathe, formatrice et conf\u00e9renci\u00e8re, vous en apprendra davantage sur la vaccination hom\u00e9opathique.<\/p>\n<p>&nbsp;<\/p>\n<p>&nbsp;<\/p>\n","protected":false},"featured_media":6588,"template":"","meta":{"pmpro_default_level":"","_monsterinsights_skip_tracking":false,"_monsterinsights_sitenote_active":false,"_monsterinsights_sitenote_note":"","_monsterinsights_sitenote_category":0},"product_brand":[],"product_cat":[137,177],"product_tag":[140],"class_list":{"0":"post-3235","1":"product","2":"type-product","3":"status-publish","4":"has-post-thumbnail","6":"product_cat-formations-a-la-carte","7":"product_cat-soins-bebe-0-1-an","8":"product_tag-formation-avancee","9":"pmpro-has-access","11":"first","12":"instock","13":"virtual","14":"sold-individually","15":"taxable","16":"purchasable","17":"product-type-course"},"_links":{"self":[{"href":"https:\/\/academiecapucin.com\/en\/wp-json\/wp\/v2\/product\/3235","targetHints":{"allow":["GET"]}}],"collection":[{"href":"https:\/\/academiecapucin.com\/en\/wp-json\/wp\/v2\/product"}],"about":[{"href":"https:\/\/academiecapucin.com\/en\/wp-json\/wp\/v2\/types\/product"}],"wp:featuredmedia":[{"embeddable":true,"href":"https:\/\/academiecapucin.com\/en\/wp-json\/wp\/v2\/media\/6588"}],"wp:attachment":[{"href":"https:\/\/academiecapucin.com\/en\/wp-json\/wp\/v2\/media?parent=3235"}],"wp:term":[{"taxonomy":"product_brand","embeddable":true,"href":"https:\/\/academiecapucin.com\/en\/wp-json\/wp\/v2\/product_brand?post=3235"},{"taxonomy":"product_cat","embeddable":true,"href":"https:\/\/academiecapucin.com\/en\/wp-json\/wp\/v2\/product_cat?post=3235"},{"taxonomy":"product_tag","embeddable":true,"href":"https:\/\/academiecapucin.com\/en\/wp-json\/wp\/v2\/product_tag?post=3235"}],"curies":[{"name":"wp","href":"https:\/\/api.w.org\/{rel}","templated":true}]}}