{"id":3299,"date":"2019-04-06T07:45:01","date_gmt":"2019-04-06T11:45:01","guid":{"rendered":"https:\/\/academiecapucin.com\/?post_type=product&#038;p=3299"},"modified":"2022-07-19T10:34:25","modified_gmt":"2022-07-19T14:34:25","slug":"la-fievre-et-les-infections-bloc-1-10-6h","status":"publish","type":"product","link":"https:\/\/academiecapucin.com\/en\/boutique\/la-fievre-et-les-infections-bloc-1-10-6h\/","title":{"rendered":"Formation int\u00e9grale en naturopathie pour enfants | La fi\u00e8vre et les infections | Module 1, 1re partie | 6 heures"},"content":{"rendered":"<p>Vous y verrez en d\u00e9tails :<br \/>\n\u2022 Le r\u00f4le de la fi\u00e8vre<br \/>\n\u2022 Comprendre les sympt\u00f4mes<br \/>\n\u2022 La prise de temp\u00e9rature<br \/>\n\u2022 Les convulsions f\u00e9briles<br \/>\n\u2022 Quand s\u2019inqui\u00e9ter<br \/>\n\u2022 Trucs et conseils pratiques<br \/>\n\u2022 Les analg\u00e9siques<br \/>\n\u2022 Les solutions<\/p>\n<p>Par la suite, les diff\u00e9rents types d\u2019infections seront pr\u00e9sent\u00e9s de mani\u00e8re d\u00e9taill\u00e9e :<br \/>\n\u2022 Les infections virales<br \/>\n\u2022 Les infections bact\u00e9riennes<br \/>\n\u2022 Les infections fongiques<br \/>\n\u2022 Les infections parasitaires<\/p>\n","protected":false},"excerpt":{"rendered":"<p>Est-ce que la fi\u00e8vre chez un enfant vous inqui\u00e8te? Savez-vous quoi faire en cas de fi\u00e8vre?Connaissez-vous l\u2019impact d\u2019une infection parasitaire chez les enfants? Savez-vous ce que sont les infections virales, bact\u00e9riennes et fongiques et quelles sont les diff\u00e9rences?<\/p>\n<p>Dans ce cours d\u2019une dur\u00e9e de 6 heures, Maril\u00e8ne Perreault, votre formatrice, r\u00e9pondra \u00e0 toutes ces questions et vous donnera des outils pour intervenir efficacement! Vous y apprendrez \u00e0 comprendre la fi\u00e8vre et \u00e0 d\u00e9mystifier ce m\u00e9canisme de d\u00e9fense naturel du corps humain.<\/p>\n<p>Dans ce cours, M. Michel Turbide, sommit\u00e9 en aromath\u00e9rapie, vous expliquera les propri\u00e9t\u00e9s des diff\u00e9rentes huiles essentielles qui sont recommand\u00e9es pour combattre les infections.<\/p>\n<p>\u00c0 la fin de ce cours, la fi\u00e8vre et les diff\u00e9rents types d\u2019infections n\u2019auront plus de secret pour vous!<\/p>\n<p>&nbsp;<\/p>\n","protected":false},"featured_media":6588,"template":"","meta":{"pmpro_default_level":"","_monsterinsights_skip_tracking":false,"_monsterinsights_sitenote_active":false,"_monsterinsights_sitenote_note":"","_monsterinsights_sitenote_category":0},"product_brand":[],"product_cat":[174,137],"product_tag":[140],"class_list":{"0":"post-3299","1":"product","2":"type-product","3":"status-publish","4":"has-post-thumbnail","6":"product_cat-fievre-infection","7":"product_cat-formations-a-la-carte","8":"product_tag-formation-avancee","9":"pmpro-has-access","11":"first","12":"instock","13":"virtual","14":"sold-individually","15":"taxable","16":"purchasable","17":"product-type-course"},"_links":{"self":[{"href":"https:\/\/academiecapucin.com\/en\/wp-json\/wp\/v2\/product\/3299","targetHints":{"allow":["GET"]}}],"collection":[{"href":"https:\/\/academiecapucin.com\/en\/wp-json\/wp\/v2\/product"}],"about":[{"href":"https:\/\/academiecapucin.com\/en\/wp-json\/wp\/v2\/types\/product"}],"wp:featuredmedia":[{"embeddable":true,"href":"https:\/\/academiecapucin.com\/en\/wp-json\/wp\/v2\/media\/6588"}],"wp:attachment":[{"href":"https:\/\/academiecapucin.com\/en\/wp-json\/wp\/v2\/media?parent=3299"}],"wp:term":[{"taxonomy":"product_brand","embeddable":true,"href":"https:\/\/academiecapucin.com\/en\/wp-json\/wp\/v2\/product_brand?post=3299"},{"taxonomy":"product_cat","embeddable":true,"href":"https:\/\/academiecapucin.com\/en\/wp-json\/wp\/v2\/product_cat?post=3299"},{"taxonomy":"product_tag","embeddable":true,"href":"https:\/\/academiecapucin.com\/en\/wp-json\/wp\/v2\/product_tag?post=3299"}],"curies":[{"name":"wp","href":"https:\/\/api.w.org\/{rel}","templated":true}]}}