{"id":3302,"date":"2019-04-06T08:29:24","date_gmt":"2019-04-06T12:29:24","guid":{"rendered":"https:\/\/academiecapucin.com\/?post_type=product&#038;p=3302"},"modified":"2022-07-19T10:34:13","modified_gmt":"2022-07-19T14:34:13","slug":"la-sphere-orl-bloc-3-10-6h","status":"publish","type":"product","link":"https:\/\/academiecapucin.com\/en\/boutique\/la-sphere-orl-bloc-3-10-6h\/","title":{"rendered":"Formation int\u00e9grale en naturopathie pour enfants | La sph\u00e8re ORL | Module 2, 1re partie | 6 heures"},"content":{"rendered":"<p>Dans ce cours, nous aborderons les sujets suivants :<\/p>\n<p>Les oreilles<\/p>\n<ul>\n<li>Les diff\u00e9rents types d\u2019otites<\/li>\n<li>Les tubes et les bobines<\/li>\n<li>Le c\u00e9rumen<\/li>\n<\/ul>\n<p>Les sinus<\/p>\n<ul>\n<li>Les diff\u00e9rents types de sinusites<\/li>\n<li>Les v\u00e9g\u00e9tations<\/li>\n<li>Les ganglions<\/li>\n<\/ul>\n<p>La gorge<\/p>\n<ul>\n<li>Les diff\u00e9rents types d\u2019amygdalites<\/li>\n<li>Reconna\u00eetre les diff\u00e9rents types d\u2019amygdalites<\/li>\n<li>L\u2019ablation des amygdales<\/li>\n<li>Le larynx<\/li>\n<li>La laryngite striduleuse aigu\u00eb<\/li>\n<\/ul>\n","protected":false},"excerpt":{"rendered":"<p>Aimeriez-vous faire la lumi\u00e8re sur les multiples formes d\u2019infections ou d\u2019irritations li\u00e9es au syst\u00e8me ORL (oto-rhino-laryngologie)? Souhaitez-vous comprendre pourquoi certains enfants font des otites \u00e0 r\u00e9p\u00e9tition et savoir comment rem\u00e9dier \u00e0 cette situation?<\/p>\n<p>Le cours sur la sph\u00e8re ORL, donn\u00e9 par Maril\u00e8ne Perreault, portera sur les diff\u00e9rents types d\u2019otites et les fa\u00e7ons de soulager les enfants naturellement, tout en \u00e9vitant que les otites refassent leur apparition. Nous recevrons Michel Turbide, aromath\u00e9rapeute de renom, qui nous indiquera comment les huiles essentielles peuvent aider pour les infections de la sph\u00e8re ORL.<\/p>\n<p>Un cours passionnant qui vous donnera une multitude de solutions \u00e0 ces infections qui touchent autant les enfants que les adultes!<\/p>\n","protected":false},"featured_media":6588,"template":"","meta":{"pmpro_default_level":"","_monsterinsights_skip_tracking":false,"_monsterinsights_sitenote_active":false,"_monsterinsights_sitenote_note":"","_monsterinsights_sitenote_category":0},"product_brand":[],"product_cat":[137,175],"product_tag":[140],"class_list":{"0":"post-3302","1":"product","2":"type-product","3":"status-publish","4":"has-post-thumbnail","6":"product_cat-formations-a-la-carte","7":"product_cat-toux-allergies-spheres-orl","8":"product_tag-formation-avancee","9":"pmpro-has-access","11":"first","12":"instock","13":"virtual","14":"sold-individually","15":"taxable","16":"purchasable","17":"product-type-course"},"_links":{"self":[{"href":"https:\/\/academiecapucin.com\/en\/wp-json\/wp\/v2\/product\/3302","targetHints":{"allow":["GET"]}}],"collection":[{"href":"https:\/\/academiecapucin.com\/en\/wp-json\/wp\/v2\/product"}],"about":[{"href":"https:\/\/academiecapucin.com\/en\/wp-json\/wp\/v2\/types\/product"}],"wp:featuredmedia":[{"embeddable":true,"href":"https:\/\/academiecapucin.com\/en\/wp-json\/wp\/v2\/media\/6588"}],"wp:attachment":[{"href":"https:\/\/academiecapucin.com\/en\/wp-json\/wp\/v2\/media?parent=3302"}],"wp:term":[{"taxonomy":"product_brand","embeddable":true,"href":"https:\/\/academiecapucin.com\/en\/wp-json\/wp\/v2\/product_brand?post=3302"},{"taxonomy":"product_cat","embeddable":true,"href":"https:\/\/academiecapucin.com\/en\/wp-json\/wp\/v2\/product_cat?post=3302"},{"taxonomy":"product_tag","embeddable":true,"href":"https:\/\/academiecapucin.com\/en\/wp-json\/wp\/v2\/product_tag?post=3302"}],"curies":[{"name":"wp","href":"https:\/\/api.w.org\/{rel}","templated":true}]}}