{"id":3304,"date":"2019-04-06T08:32:14","date_gmt":"2019-04-06T12:32:14","guid":{"rendered":"https:\/\/academiecapucin.com\/?post_type=product&#038;p=3304"},"modified":"2022-07-19T10:34:02","modified_gmt":"2022-07-19T14:34:02","slug":"le-systeme-respiratoire-et-les-allergies-bloc-4-10-6h","status":"publish","type":"product","link":"https:\/\/academiecapucin.com\/en\/boutique\/le-systeme-respiratoire-et-les-allergies-bloc-4-10-6h\/","title":{"rendered":"Formation int\u00e9grale en naturopathie pour enfants | Le syst\u00e8me respiratoire et les allergies | Module 2, 2e partie  | 6 heures"},"content":{"rendered":"<p>Vous y verrez :<\/p>\n<ul>\n<li>Bronchiolite<\/li>\n<li>Bronchite<\/li>\n<li>Bronchospasme<\/li>\n<li>Pneumothorax<\/li>\n<li>Asthme<\/li>\n<li>Pneumonie<\/li>\n<li>Pleur\u00e9sie<\/li>\n<li>Techniques de soulagement<\/li>\n<li>Solutions<\/li>\n<\/ul>\n<p>La derni\u00e8re partie du cours portera sur les allergies.\u00a0 Les diff\u00e9rentes r\u00e9actions allergiques ci-dessous seront abord\u00e9es, ainsi que les moyens de les enrayer\u00a0:<\/p>\n<ul>\n<li>Allergies saisonni\u00e8res<\/li>\n<li>Allergies environnementales<\/li>\n<\/ul>\n","protected":false},"excerpt":{"rendered":"<p>Reconna\u00eetre les diff\u00e9rents types de toux est un \u00e9l\u00e9ment essentiel en naturopathie chez l\u2019enfant. Toutefois, ce sujet passionnant peut causer tant de questionnements. Toux grasse, toux s\u00e8che, qu\u2019est-ce que c\u2019est exactement? Comment le syst\u00e8me respiratoire est-il affect\u00e9?<\/p>\n<p>Dans ce cours d\u2019une dur\u00e9e de 6 heures donn\u00e9 par Maril\u00e8ne Perreaut, vous apprendrez \u00e0 reconna\u00eetre les types de toux et les infections afin d\u2019en comprendre les causes et les traitements \u00e0 apporter.<\/p>\n<p>Didier Gall, aromath\u00e9rapeute renomm\u00e9, partagera lui aussi ses connaissances \u00e0 ce sujet durant cette formation.<\/p>\n","protected":false},"featured_media":6588,"template":"","meta":{"pmpro_default_level":"","_monsterinsights_skip_tracking":false,"_monsterinsights_sitenote_active":false,"_monsterinsights_sitenote_note":"","_monsterinsights_sitenote_category":0},"product_brand":[],"product_cat":[137,175],"product_tag":[140],"class_list":{"0":"post-3304","1":"product","2":"type-product","3":"status-publish","4":"has-post-thumbnail","6":"product_cat-formations-a-la-carte","7":"product_cat-toux-allergies-spheres-orl","8":"product_tag-formation-avancee","9":"pmpro-has-access","11":"first","12":"instock","13":"virtual","14":"sold-individually","15":"taxable","16":"purchasable","17":"product-type-course"},"_links":{"self":[{"href":"https:\/\/academiecapucin.com\/en\/wp-json\/wp\/v2\/product\/3304","targetHints":{"allow":["GET"]}}],"collection":[{"href":"https:\/\/academiecapucin.com\/en\/wp-json\/wp\/v2\/product"}],"about":[{"href":"https:\/\/academiecapucin.com\/en\/wp-json\/wp\/v2\/types\/product"}],"wp:featuredmedia":[{"embeddable":true,"href":"https:\/\/academiecapucin.com\/en\/wp-json\/wp\/v2\/media\/6588"}],"wp:attachment":[{"href":"https:\/\/academiecapucin.com\/en\/wp-json\/wp\/v2\/media?parent=3304"}],"wp:term":[{"taxonomy":"product_brand","embeddable":true,"href":"https:\/\/academiecapucin.com\/en\/wp-json\/wp\/v2\/product_brand?post=3304"},{"taxonomy":"product_cat","embeddable":true,"href":"https:\/\/academiecapucin.com\/en\/wp-json\/wp\/v2\/product_cat?post=3304"},{"taxonomy":"product_tag","embeddable":true,"href":"https:\/\/academiecapucin.com\/en\/wp-json\/wp\/v2\/product_tag?post=3304"}],"curies":[{"name":"wp","href":"https:\/\/api.w.org\/{rel}","templated":true}]}}