{"id":3307,"date":"2019-04-06T08:47:46","date_gmt":"2019-04-06T12:47:46","guid":{"rendered":"https:\/\/academiecapucin.com\/?post_type=product&#038;p=3307"},"modified":"2022-07-19T10:33:50","modified_gmt":"2022-07-19T14:33:50","slug":"le-systeme-nerveux-bloc-5-10-6h","status":"publish","type":"product","link":"https:\/\/academiecapucin.com\/en\/boutique\/le-systeme-nerveux-bloc-5-10-6h\/","title":{"rendered":"Formation int\u00e9grale en naturopathie pour enfants | Le syst\u00e8me nerveux | Module 3, 1re partie | 6 heures"},"content":{"rendered":"","protected":false},"excerpt":{"rendered":"<p>La sant\u00e9 du syst\u00e8me nerveux de l\u2019enfant est souvent la cause de diff\u00e9rents probl\u00e8mes, autant au niveau de leur sant\u00e9 physique que de leurs r\u00e9actions physiques.<\/p>\n<p>Anxi\u00e9t\u00e9, insomnie, tics nerveux, agressivit\u00e9 sont quelques-uns des sujets qui seront abord\u00e9s dans ce cours d\u2019une dur\u00e9e de 6 heures donn\u00e9 par Maril\u00e8ne Perreault.<\/p>\n<p>Vous apprendrez \u00e0 \u00e9valuer quels sont les facteurs environnementaux, nutritionnels et situationnels qui affectent le plus souvent les enfants et qui se r\u00e9percutent directement sur leur comportement et leur rendement au quotidien.<\/p>\n<p>Durant ce cours, Mme C\u00e9line Arsenault, naturopathe r\u00e9put\u00e9e et conf\u00e9renci\u00e8re vous parlera des indices de sant\u00e9 importants en lien avec le syst\u00e8me nerveux. Elle abordera \u00e9galement le sujet de la sant\u00e9 intestinale chez les b\u00e9b\u00e9s et les enfants et de l\u2019impact qu\u2019elle a sur leur syst\u00e8me nerveux.<\/p>\n<p>\u00c0 la fin de ce cours, vous serrez en mesure de bien comprendre le fonctionnement du syst\u00e8me nerveux et des diff\u00e9rents facteurs environnementaux, nutritionnels et situationnels sur lesquels vous pourrez travailler pour aider vos enfants ou ceux avec lesquels vous travaillez.<\/p>\n<p>&nbsp;<\/p>\n","protected":false},"featured_media":6588,"template":"","meta":{"pmpro_default_level":"","_monsterinsights_skip_tracking":false,"_monsterinsights_sitenote_active":false,"_monsterinsights_sitenote_note":"","_monsterinsights_sitenote_category":0},"product_brand":[],"product_cat":[137,176],"product_tag":[140],"class_list":{"0":"post-3307","1":"product","2":"type-product","3":"status-publish","4":"has-post-thumbnail","6":"product_cat-formations-a-la-carte","7":"product_cat-sommeil-nervosite-troubles-scolaires","8":"product_tag-formation-avancee","9":"pmpro-has-access","11":"first","12":"instock","13":"virtual","14":"sold-individually","15":"taxable","16":"purchasable","17":"product-type-course"},"_links":{"self":[{"href":"https:\/\/academiecapucin.com\/en\/wp-json\/wp\/v2\/product\/3307","targetHints":{"allow":["GET"]}}],"collection":[{"href":"https:\/\/academiecapucin.com\/en\/wp-json\/wp\/v2\/product"}],"about":[{"href":"https:\/\/academiecapucin.com\/en\/wp-json\/wp\/v2\/types\/product"}],"wp:featuredmedia":[{"embeddable":true,"href":"https:\/\/academiecapucin.com\/en\/wp-json\/wp\/v2\/media\/6588"}],"wp:attachment":[{"href":"https:\/\/academiecapucin.com\/en\/wp-json\/wp\/v2\/media?parent=3307"}],"wp:term":[{"taxonomy":"product_brand","embeddable":true,"href":"https:\/\/academiecapucin.com\/en\/wp-json\/wp\/v2\/product_brand?post=3307"},{"taxonomy":"product_cat","embeddable":true,"href":"https:\/\/academiecapucin.com\/en\/wp-json\/wp\/v2\/product_cat?post=3307"},{"taxonomy":"product_tag","embeddable":true,"href":"https:\/\/academiecapucin.com\/en\/wp-json\/wp\/v2\/product_tag?post=3307"}],"curies":[{"name":"wp","href":"https:\/\/api.w.org\/{rel}","templated":true}]}}