{"id":3311,"date":"2019-04-06T14:35:41","date_gmt":"2019-04-06T18:35:41","guid":{"rendered":"https:\/\/academiecapucin.com\/?post_type=product&#038;p=3311"},"modified":"2022-07-19T10:33:38","modified_gmt":"2022-07-19T14:33:38","slug":"les-troubles-scolaires","status":"publish","type":"product","link":"https:\/\/academiecapucin.com\/en\/boutique\/les-troubles-scolaires\/","title":{"rendered":"Formation int\u00e9grale en naturopathie pour enfants | Les troubles scolaires | Module 3, 2e partie | 6 heures"},"content":{"rendered":"<ul>\n<li>Le d\u00e9ficit d\u2019attention<\/li>\n<li>Le TDAH<\/li>\n<li>Le lunatisme<\/li>\n<li>Le manque d\u2019int\u00e9r\u00eat<\/li>\n<\/ul>\n","protected":false},"excerpt":{"rendered":"<p>Votre enfant ne tient en pas place lorsqu\u2019il est temps de parler de devoirs ou d\u2019\u00e9cole ? Vous pensez ou savez qu\u2019il partage son quotidien avec un d\u00e9ficit d\u2019attention ou un TDAH et vous voudriez l\u2019aider ? Par o\u00f9 commencer ?<\/p>\n<p>Ce cours traitera sur les diff\u00e9rents probl\u00e8mes scolaires que vivent les enfants d\u2019aujourd\u2019hui. Donn\u00e9e par Maril\u00e8ne Perreault, celle-ci vous expliquera en d\u00e9tails la diff\u00e9rence et les causes de certains sympt\u00f4mes. Nous apprendrons comment l\u2019alimentation, l\u2019\u00e9quilibre de la glyc\u00e9mie et les m\u00e9taux lourds peuvent influencer les enfants dans l\u2019apparition des troubles scolaire.<\/p>\n<p>Finalement, Mme Ir\u00e8ne Duranleau, sommit\u00e9 en Science de l\u2019\u00c9ducation nous pr\u00e9sentera les types de jeunes.<\/p>\n<p style=\"background: white; vertical-align: baseline; margin: 0cm 0cm 19.5pt 0cm;\">\n","protected":false},"featured_media":6588,"template":"","meta":{"pmpro_default_level":"","_monsterinsights_skip_tracking":false,"_monsterinsights_sitenote_active":false,"_monsterinsights_sitenote_note":"","_monsterinsights_sitenote_category":0},"product_brand":[],"product_cat":[137,176],"product_tag":[140],"class_list":{"0":"post-3311","1":"product","2":"type-product","3":"status-publish","4":"has-post-thumbnail","6":"product_cat-formations-a-la-carte","7":"product_cat-sommeil-nervosite-troubles-scolaires","8":"product_tag-formation-avancee","9":"pmpro-has-access","11":"first","12":"instock","13":"virtual","14":"sold-individually","15":"taxable","16":"purchasable","17":"product-type-course"},"_links":{"self":[{"href":"https:\/\/academiecapucin.com\/en\/wp-json\/wp\/v2\/product\/3311","targetHints":{"allow":["GET"]}}],"collection":[{"href":"https:\/\/academiecapucin.com\/en\/wp-json\/wp\/v2\/product"}],"about":[{"href":"https:\/\/academiecapucin.com\/en\/wp-json\/wp\/v2\/types\/product"}],"wp:featuredmedia":[{"embeddable":true,"href":"https:\/\/academiecapucin.com\/en\/wp-json\/wp\/v2\/media\/6588"}],"wp:attachment":[{"href":"https:\/\/academiecapucin.com\/en\/wp-json\/wp\/v2\/media?parent=3311"}],"wp:term":[{"taxonomy":"product_brand","embeddable":true,"href":"https:\/\/academiecapucin.com\/en\/wp-json\/wp\/v2\/product_brand?post=3311"},{"taxonomy":"product_cat","embeddable":true,"href":"https:\/\/academiecapucin.com\/en\/wp-json\/wp\/v2\/product_cat?post=3311"},{"taxonomy":"product_tag","embeddable":true,"href":"https:\/\/academiecapucin.com\/en\/wp-json\/wp\/v2\/product_tag?post=3311"}],"curies":[{"name":"wp","href":"https:\/\/api.w.org\/{rel}","templated":true}]}}