{"id":3315,"date":"2019-04-06T14:44:15","date_gmt":"2019-04-06T18:44:15","guid":{"rendered":"https:\/\/academiecapucin.com\/?post_type=product&#038;p=3315"},"modified":"2023-06-20T14:56:48","modified_gmt":"2023-06-20T18:56:48","slug":"la-digestion-bloc-7-10-6h","status":"publish","type":"product","link":"https:\/\/academiecapucin.com\/en\/boutique\/la-digestion-bloc-7-10-6h\/","title":{"rendered":"Formation int\u00e9grale en naturopathie pour enfants | La digestion | Module 4, 1er partie  | 6 heures"},"content":{"rendered":"<p>La digestion<\/p>\n<ul>\n<li>R\u00f4le du foie<\/li>\n<li>R\u00f4le des enzymes<\/li>\n<li>Importance de l\u2019eau<\/li>\n<li>Nutrition chez les enfants<\/li>\n<li>Intol\u00e9rances et allergies alimentaires<\/li>\n<li>Principaux allerg\u00e8nes<\/li>\n<li>Raisons li\u00e9es aux intol\u00e9rances<\/li>\n<li>Probl\u00e8mes de peau (ecz\u00e9ma-psoriasis-dartres-urticaire-etc)<\/li>\n<li>App\u00e9tit<\/li>\n<li>Mauvaise haleine<\/li>\n<li>Langue<\/li>\n<li>Acn\u00e9e<\/li>\n<li>Douleurs de croissance<\/li>\n<\/ul>\n","protected":false},"excerpt":{"rendered":"<p>Saviez-vous que la digestion et l\u2019\u00e9limination sont la base des grands principes de la naturopathie?\u00a0 La plupart des probl\u00e8mes de sant\u00e9 sont souvent reli\u00e9s \u00e0 un d\u00e9s\u00e9quilibre du foie ou de l\u2019intestin.\u00a0 Gr\u00e2ce \u00e0 ce bloc, nous \u00e9tablirons des liens entre la digestion, l\u2019assimilation, la digestion et l\u2019ensemble des malaises ou maladies associ\u00e9s \u00e0 certains d\u00e9r\u00e8glements.<\/p>\n<h2>Nous recevrons la visite de Mme Lise Harbeck, Naturopathe et fondatrice de l\u2019\u00c9cole de Naturopathie du Qu\u00e9bec.<\/h2>\n<p>Ce cours est d&#8217;une dur\u00e9e de 6 heures<\/p>\n","protected":false},"featured_media":6588,"template":"","meta":{"pmpro_default_level":"","_monsterinsights_skip_tracking":false,"_monsterinsights_sitenote_active":false,"_monsterinsights_sitenote_note":"","_monsterinsights_sitenote_category":0},"product_brand":[],"product_cat":[178,137],"product_tag":[140],"class_list":{"0":"post-3315","1":"product","2":"type-product","3":"status-publish","4":"has-post-thumbnail","6":"product_cat-digestion-elimination","7":"product_cat-formations-a-la-carte","8":"product_tag-formation-avancee","9":"pmpro-has-access","11":"first","12":"instock","13":"virtual","14":"taxable","15":"purchasable","16":"product-type-simple"},"_links":{"self":[{"href":"https:\/\/academiecapucin.com\/en\/wp-json\/wp\/v2\/product\/3315","targetHints":{"allow":["GET"]}}],"collection":[{"href":"https:\/\/academiecapucin.com\/en\/wp-json\/wp\/v2\/product"}],"about":[{"href":"https:\/\/academiecapucin.com\/en\/wp-json\/wp\/v2\/types\/product"}],"wp:featuredmedia":[{"embeddable":true,"href":"https:\/\/academiecapucin.com\/en\/wp-json\/wp\/v2\/media\/6588"}],"wp:attachment":[{"href":"https:\/\/academiecapucin.com\/en\/wp-json\/wp\/v2\/media?parent=3315"}],"wp:term":[{"taxonomy":"product_brand","embeddable":true,"href":"https:\/\/academiecapucin.com\/en\/wp-json\/wp\/v2\/product_brand?post=3315"},{"taxonomy":"product_cat","embeddable":true,"href":"https:\/\/academiecapucin.com\/en\/wp-json\/wp\/v2\/product_cat?post=3315"},{"taxonomy":"product_tag","embeddable":true,"href":"https:\/\/academiecapucin.com\/en\/wp-json\/wp\/v2\/product_tag?post=3315"}],"curies":[{"name":"wp","href":"https:\/\/api.w.org\/{rel}","templated":true}]}}