{"id":3317,"date":"2019-04-06T14:48:22","date_gmt":"2019-04-06T18:48:22","guid":{"rendered":"https:\/\/academiecapucin.com\/?post_type=product&#038;p=3317"},"modified":"2022-07-19T10:33:16","modified_gmt":"2022-07-19T14:33:16","slug":"lelimination-bloc-8-10-6h","status":"publish","type":"product","link":"https:\/\/academiecapucin.com\/en\/boutique\/lelimination-bloc-8-10-6h\/","title":{"rendered":"Formation int\u00e9grale en naturopathie pour enfants | L&#8217;\u00e9limination | Module 4, 2e partie | 6 heures"},"content":{"rendered":"<p>L\u2019\u00e9limination<\/p>\n<ul>\n<li>Assimilation<\/li>\n<li>Impact sur le syst\u00e8me immunitaire<\/li>\n<li>Fr\u00e9quence, transit et aspect des selles<\/li>\n<li>Constipation<\/li>\n<li>Diarrh\u00e9e<\/li>\n<li>Gaz<\/li>\n<li>Crampes<\/li>\n<li>Fissures<\/li>\n<li>H\u00e9morro\u00efdes<\/li>\n<li>Apprentissage de la propret\u00e9<\/li>\n<\/ul>\n","protected":false},"excerpt":{"rendered":"<p>Un intestin en bonne sant\u00e9 favorise l\u2019\u00e9quilibre et la vitalit\u00e9.\u00a0 Ce bloc nous conduira donc \u00e0 travailler les th\u00e8mes qui y sont li\u00e9s soit, l\u2019\u00e9limination, l\u2019assimilation ainsi que la d\u00e9min\u00e9ralisation.<\/p>\n<p>Le Bloc 8 de 10 est d\u2019une dur\u00e9e de 6 heures.<\/p>\n","protected":false},"featured_media":6588,"template":"","meta":{"pmpro_default_level":"","_monsterinsights_skip_tracking":false,"_monsterinsights_sitenote_active":false,"_monsterinsights_sitenote_note":"","_monsterinsights_sitenote_category":0},"product_brand":[],"product_cat":[178,137],"product_tag":[140],"class_list":{"0":"post-3317","1":"product","2":"type-product","3":"status-publish","4":"has-post-thumbnail","6":"product_cat-digestion-elimination","7":"product_cat-formations-a-la-carte","8":"product_tag-formation-avancee","9":"pmpro-has-access","11":"first","12":"instock","13":"virtual","14":"sold-individually","15":"taxable","16":"purchasable","17":"product-type-course"},"_links":{"self":[{"href":"https:\/\/academiecapucin.com\/en\/wp-json\/wp\/v2\/product\/3317","targetHints":{"allow":["GET"]}}],"collection":[{"href":"https:\/\/academiecapucin.com\/en\/wp-json\/wp\/v2\/product"}],"about":[{"href":"https:\/\/academiecapucin.com\/en\/wp-json\/wp\/v2\/types\/product"}],"wp:featuredmedia":[{"embeddable":true,"href":"https:\/\/academiecapucin.com\/en\/wp-json\/wp\/v2\/media\/6588"}],"wp:attachment":[{"href":"https:\/\/academiecapucin.com\/en\/wp-json\/wp\/v2\/media?parent=3317"}],"wp:term":[{"taxonomy":"product_brand","embeddable":true,"href":"https:\/\/academiecapucin.com\/en\/wp-json\/wp\/v2\/product_brand?post=3317"},{"taxonomy":"product_cat","embeddable":true,"href":"https:\/\/academiecapucin.com\/en\/wp-json\/wp\/v2\/product_cat?post=3317"},{"taxonomy":"product_tag","embeddable":true,"href":"https:\/\/academiecapucin.com\/en\/wp-json\/wp\/v2\/product_tag?post=3317"}],"curies":[{"name":"wp","href":"https:\/\/api.w.org\/{rel}","templated":true}]}}