{"id":3319,"date":"2019-04-06T14:56:43","date_gmt":"2019-04-06T18:56:43","guid":{"rendered":"https:\/\/academiecapucin.com\/?post_type=product&#038;p=3319"},"modified":"2022-07-19T10:33:05","modified_gmt":"2022-07-19T14:33:05","slug":"la-grossesse-et-lallaitement-bloc-9-10-6h","status":"publish","type":"product","link":"https:\/\/academiecapucin.com\/en\/boutique\/la-grossesse-et-lallaitement-bloc-9-10-6h\/","title":{"rendered":"Formation int\u00e9grale en naturopathie pour enfants | La grossesse et l&#8217;allaitement | Module 5, 1re partie | 6 heures"},"content":{"rendered":"<p>La grossesse<\/p>\n<ul>\n<li>Pr\u00e9conception<\/li>\n<li>Suppl\u00e9ments<\/li>\n<li>Fatigue<\/li>\n<li>Naus\u00e9es et v\u00f4missements<\/li>\n<li>Br\u00fblements d\u2019estomac<\/li>\n<li>Constipation<\/li>\n<li>Insomnie<\/li>\n<li>Infections<\/li>\n<li>An\u00e9mie<\/li>\n<li>Vergetures<\/li>\n<li>Varices et h\u00e9morro\u00efdes<\/li>\n<li>Crampes musculaires<\/li>\n<li>Oed\u00e8me<\/li>\n<li>Streptocoque B<\/li>\n<li>Menace de fausse couche<\/li>\n<li>Augmentation de l\u2019intol\u00e9rance \u00e0 la douleur<\/li>\n<li>Cicatrice d\u2019\u00e9pisiotomie ou c\u00e9sarienne<\/li>\n<\/ul>\n<p>L\u2019allaitement<\/p>\n<ul>\n<li>Enrichir le lait maternel<\/li>\n<li>Manque de lait<\/li>\n<li>Canaux obstru\u00e9s<\/li>\n<li>Mastite<\/li>\n<li>Ger\u00e7ures et crevasses<\/li>\n<li>Engorgement<\/li>\n<li>Fatigue<\/li>\n<li>Constipation<\/li>\n<li>Sevrage<\/li>\n<li>Pics de d\u00e9veloppement<\/li>\n<li>D\u00e9pression post-partum<\/li>\n<\/ul>\n","protected":false},"excerpt":{"rendered":"<p>Le pr\u00e9sent bloc offrira un \u00e9ventail de solutions pour aider les futures mamans durant leur grossesse, soit de la pr\u00e9conception jusqu\u2019\u00e0 l\u2019accouchement. Il permettra \u00e9galement de vous pr\u00e9munir d\u2019outils de pr\u00e9vention pour faciliter l\u2019exp\u00e9rience unique qu\u2019est la grossesse. Ensuite, nous nous parlerons de l\u2019allaitement.<\/p>\n<h2>Nous recevrons la visite de Mme ingrid Bayot, Sage-Femme de grande renomm\u00e9e.<\/h2>\n<p>Le Bloc 9 de 10 est d\u2019une dur\u00e9e de 6 heures.<\/p>\n","protected":false},"featured_media":6588,"template":"","meta":{"pmpro_default_level":"","_monsterinsights_skip_tracking":false,"_monsterinsights_sitenote_active":false,"_monsterinsights_sitenote_note":"","_monsterinsights_sitenote_category":0},"product_brand":[],"product_cat":[137,179],"product_tag":[140],"class_list":{"0":"post-3319","1":"product","2":"type-product","3":"status-publish","4":"has-post-thumbnail","6":"product_cat-formations-a-la-carte","7":"product_cat-grossesse-allaitement","8":"product_tag-formation-avancee","9":"pmpro-has-access","11":"first","12":"instock","13":"virtual","14":"sold-individually","15":"taxable","16":"purchasable","17":"product-type-course"},"_links":{"self":[{"href":"https:\/\/academiecapucin.com\/en\/wp-json\/wp\/v2\/product\/3319","targetHints":{"allow":["GET"]}}],"collection":[{"href":"https:\/\/academiecapucin.com\/en\/wp-json\/wp\/v2\/product"}],"about":[{"href":"https:\/\/academiecapucin.com\/en\/wp-json\/wp\/v2\/types\/product"}],"wp:featuredmedia":[{"embeddable":true,"href":"https:\/\/academiecapucin.com\/en\/wp-json\/wp\/v2\/media\/6588"}],"wp:attachment":[{"href":"https:\/\/academiecapucin.com\/en\/wp-json\/wp\/v2\/media?parent=3319"}],"wp:term":[{"taxonomy":"product_brand","embeddable":true,"href":"https:\/\/academiecapucin.com\/en\/wp-json\/wp\/v2\/product_brand?post=3319"},{"taxonomy":"product_cat","embeddable":true,"href":"https:\/\/academiecapucin.com\/en\/wp-json\/wp\/v2\/product_cat?post=3319"},{"taxonomy":"product_tag","embeddable":true,"href":"https:\/\/academiecapucin.com\/en\/wp-json\/wp\/v2\/product_tag?post=3319"}],"curies":[{"name":"wp","href":"https:\/\/api.w.org\/{rel}","templated":true}]}}