{"id":3321,"date":"2019-04-06T15:03:22","date_gmt":"2019-04-06T19:03:22","guid":{"rendered":"https:\/\/academiecapucin.com\/?post_type=product&#038;p=3321"},"modified":"2022-07-19T10:32:53","modified_gmt":"2022-07-19T14:32:53","slug":"les-soins-du-nourrisson-et-la-poussee-dentaire-bloc-10-10-6h","status":"publish","type":"product","link":"https:\/\/academiecapucin.com\/en\/boutique\/les-soins-du-nourrisson-et-la-poussee-dentaire-bloc-10-10-6h\/","title":{"rendered":"Formation int\u00e9grale en naturopathie pour enfants | Les soins du nourrisson et la pouss\u00e9e dentaire | Module 5, 2e partie | 6 heures"},"content":{"rendered":"<p>Soins du nourrisson<\/p>\n<ul>\n<li>Coliques<\/li>\n<li>Acn\u00e9 de b\u00e9b\u00e9<\/li>\n<li>Chapeau<\/li>\n<li>Reflux gastrique<\/li>\n<li>Hoquet<\/li>\n<li>Muguet<\/li>\n<li>\u00c9ryth\u00e8me fessier<\/li>\n<\/ul>\n<p>Pouss\u00e9e dentaire<\/p>\n<ul>\n<li>Chronologie de la pouss\u00e9e dentaire<\/li>\n<li>Fi\u00e8vre et sympt\u00f4mes<\/li>\n<li>Soulagement naturel<\/li>\n<li>Importance de l\u2019assimilation<\/li>\n<li>Hygi\u00e8ne dentaire (dentifrice-amalgames-fluor)<\/li>\n<\/ul>\n","protected":false},"excerpt":{"rendered":"<p style=\"background: white; vertical-align: baseline; margin: 0cm 0cm 19.5pt 0cm;\"><span style=\"font-size: 13.5pt; font-family: 'Open Sans','serif'; color: #4a444c;\">Ce dernier bloc traitera des soins \u00e0 apporter au nourrisson.\u00a0 Plusieurs conseils vous seront offerts afin de soutenir les parents dans leur nouveau r\u00f4le.\u00a0 De plus, un accent sera donn\u00e9 sur la pouss\u00e9e dentaire.<\/span><\/p>\n<h2 style=\"background: white; vertical-align: baseline; margin: 18.0pt 0cm 18.0pt 0cm;\"><span style=\"font-size: 16.0pt; font-family: 'Montserrat','serif'; color: #0d305c;\">Nous recevrons \u00e0 nouveau la visite de Mme C\u00e9line Arsenault, Naturopathe de renom.<\/span><\/h2>\n<p style=\"background: white; vertical-align: baseline; margin: 0cm 0cm 19.5pt 0cm;\"><span style=\"font-size: 13.5pt; font-family: 'Open Sans','serif'; color: #4a444c;\">Le Bloc 10 de 10 est d\u2019une dur\u00e9e de 6 heures.<\/span><\/p>\n","protected":false},"featured_media":6588,"template":"","meta":{"pmpro_default_level":"","_monsterinsights_skip_tracking":false,"_monsterinsights_sitenote_active":false,"_monsterinsights_sitenote_note":"","_monsterinsights_sitenote_category":0},"product_brand":[],"product_cat":[137,177],"product_tag":[140],"class_list":{"0":"post-3321","1":"product","2":"type-product","3":"status-publish","4":"has-post-thumbnail","6":"product_cat-formations-a-la-carte","7":"product_cat-soins-bebe-0-1-an","8":"product_tag-formation-avancee","9":"pmpro-has-access","11":"first","12":"instock","13":"virtual","14":"sold-individually","15":"taxable","16":"purchasable","17":"product-type-course"},"_links":{"self":[{"href":"https:\/\/academiecapucin.com\/en\/wp-json\/wp\/v2\/product\/3321","targetHints":{"allow":["GET"]}}],"collection":[{"href":"https:\/\/academiecapucin.com\/en\/wp-json\/wp\/v2\/product"}],"about":[{"href":"https:\/\/academiecapucin.com\/en\/wp-json\/wp\/v2\/types\/product"}],"wp:featuredmedia":[{"embeddable":true,"href":"https:\/\/academiecapucin.com\/en\/wp-json\/wp\/v2\/media\/6588"}],"wp:attachment":[{"href":"https:\/\/academiecapucin.com\/en\/wp-json\/wp\/v2\/media?parent=3321"}],"wp:term":[{"taxonomy":"product_brand","embeddable":true,"href":"https:\/\/academiecapucin.com\/en\/wp-json\/wp\/v2\/product_brand?post=3321"},{"taxonomy":"product_cat","embeddable":true,"href":"https:\/\/academiecapucin.com\/en\/wp-json\/wp\/v2\/product_cat?post=3321"},{"taxonomy":"product_tag","embeddable":true,"href":"https:\/\/academiecapucin.com\/en\/wp-json\/wp\/v2\/product_tag?post=3321"}],"curies":[{"name":"wp","href":"https:\/\/api.w.org\/{rel}","templated":true}]}}