{"id":3495,"date":"2019-05-02T09:16:12","date_gmt":"2019-05-02T13:16:12","guid":{"rendered":"https:\/\/academiecapucin.com\/?post_type=product&#038;p=3495"},"modified":"2025-02-11T16:51:19","modified_gmt":"2025-02-11T21:51:19","slug":"la-sphere-orl-et-les-allergies-bloc-4-10-1-heure","status":"publish","type":"product","link":"https:\/\/academiecapucin.com\/en\/boutique\/la-sphere-orl-et-les-allergies-bloc-4-10-1-heure\/","title":{"rendered":"Formation de base en naturopathie pour enfants | La sph\u00e8re ORL et les allergies &#8211; 1 heure"},"content":{"rendered":"<p><strong>La sph\u00e8re ORL et les allergies<\/strong><\/p>\n<p>Ce cours vise \u00e0 comprendre la sph\u00e8re ORL, \u00e0 donner des outils de pr\u00e9vention et de soulagement.\u00a0 De plus en plus d\u2019enfants ont des probl\u00e8mes d\u2019ORL et beaucoup de changements peuvent \u00eatre faits pour les \u00e9viter.\u00a0 Comprendre les r\u00e9actions allergiques et les moyens de les enrayer font aussi partie de l\u2019objectif vis\u00e9 par ce cours.<\/p>\n<ul>\n<li>Les types d\u2019otites<\/li>\n<li>Le c\u00e9rumen<\/li>\n<li>Les types de sinusites<\/li>\n<li>Les v\u00e9g\u00e9tations et les ganglions<\/li>\n<li>Les amygdales et le larynx<\/li>\n<li>Les allergies<\/li>\n<\/ul>\n","protected":false},"excerpt":{"rendered":"<p>Ce cours vise \u00e0 comprendre la sph\u00e8re ORL, \u00e0 donner des outils de pr\u00e9vention et de soulagement.\u00a0 De plus en plus d\u2019enfants ont des probl\u00e8mes d\u2019ORL et beaucoup de changements peuvent \u00eatre faits pour les \u00e9viter.\u00a0 Comprendre les r\u00e9actions allergiques et les moyens de les enrayer font aussi partie de l\u2019objectif vis\u00e9 par ce cours.<\/p>\n","protected":false},"featured_media":6587,"template":"","meta":{"pmpro_default_level":"","_monsterinsights_skip_tracking":false,"_monsterinsights_sitenote_active":false,"_monsterinsights_sitenote_note":"","_monsterinsights_sitenote_category":0},"product_brand":[],"product_cat":[137,175],"product_tag":[138],"class_list":{"0":"post-3495","1":"product","2":"type-product","3":"status-publish","4":"has-post-thumbnail","6":"product_cat-formations-a-la-carte","7":"product_cat-toux-allergies-spheres-orl","8":"product_tag-academie-des-parents","9":"pmpro-has-access","11":"first","12":"instock","13":"virtual","14":"sold-individually","15":"taxable","16":"purchasable","17":"product-type-course"},"_links":{"self":[{"href":"https:\/\/academiecapucin.com\/en\/wp-json\/wp\/v2\/product\/3495","targetHints":{"allow":["GET"]}}],"collection":[{"href":"https:\/\/academiecapucin.com\/en\/wp-json\/wp\/v2\/product"}],"about":[{"href":"https:\/\/academiecapucin.com\/en\/wp-json\/wp\/v2\/types\/product"}],"wp:featuredmedia":[{"embeddable":true,"href":"https:\/\/academiecapucin.com\/en\/wp-json\/wp\/v2\/media\/6587"}],"wp:attachment":[{"href":"https:\/\/academiecapucin.com\/en\/wp-json\/wp\/v2\/media?parent=3495"}],"wp:term":[{"taxonomy":"product_brand","embeddable":true,"href":"https:\/\/academiecapucin.com\/en\/wp-json\/wp\/v2\/product_brand?post=3495"},{"taxonomy":"product_cat","embeddable":true,"href":"https:\/\/academiecapucin.com\/en\/wp-json\/wp\/v2\/product_cat?post=3495"},{"taxonomy":"product_tag","embeddable":true,"href":"https:\/\/academiecapucin.com\/en\/wp-json\/wp\/v2\/product_tag?post=3495"}],"curies":[{"name":"wp","href":"https:\/\/api.w.org\/{rel}","templated":true}]}}