{"id":3542,"date":"2019-06-05T14:17:22","date_gmt":"2019-06-05T18:17:22","guid":{"rendered":"https:\/\/academiecapucin.com\/?post_type=product&#038;p=3542"},"modified":"2025-02-11T16:49:47","modified_gmt":"2025-02-11T21:49:47","slug":"academie-des-parents-la-fievre-et-le-systeme-immunitaire-lecon-1-1-heure","status":"publish","type":"product","link":"https:\/\/academiecapucin.com\/en\/boutique\/academie-des-parents-la-fievre-et-le-systeme-immunitaire-lecon-1-1-heure\/","title":{"rendered":"Formation de base en naturopathie pour enfants  | La fi\u00e8vre et le syst\u00e8me immunitaire &#8211; 1 heure"},"content":{"rendered":"<p><strong>La fi\u00e8vre et le syst\u00e8me immunitaire<\/strong><\/p>\n<p>Ce cours vise \u00e0 d\u00e9mystifier le r\u00f4le de la fi\u00e8vre et \u00e0 l\u2019importance qu\u2019elle a sur la sant\u00e9 immunitaire de l\u2019enfant.\u00a0 On y d\u00e9couvrira aussi diff\u00e9rentes alternatives pour accompagner l\u2019enfant durant sa fi\u00e8vre.<\/p>\n<p>Nous survolerons \u00e9galement les complications reli\u00e9es \u00e0 la fi\u00e8vre tels les convulsions, les inconforts, les maux de t\u00eate ainsi que le malaise g\u00e9n\u00e9ral.<\/p>\n<ul>\n<li>R\u00f4le de la fi\u00e8vre<\/li>\n<li>Comprendre les sympt\u00f4mes<\/li>\n<li>La prise de la temp\u00e9rature<\/li>\n<li>Les convulsions f\u00e9briles<\/li>\n<li>Quand s\u2019inqui\u00e9ter<\/li>\n<li>Trucs et conseils pratiques<\/li>\n<li>Les analg\u00e9siques<\/li>\n<li>Les solutions<\/li>\n<\/ul>\n","protected":false},"excerpt":{"rendered":"<p><strong>La fi\u00e8vre et le syst\u00e8me immunitaire<\/strong><\/p>\n<p>Ce cours vise \u00e0 d\u00e9mystifier le r\u00f4le de la fi\u00e8vre et \u00e0 l\u2019importance qu\u2019elle a sur la sant\u00e9 immunitaire de l\u2019enfant.\u00a0 On y d\u00e9couvrira aussi diff\u00e9rentes alternatives pour accompagner l\u2019enfant durant sa fi\u00e8vre.<\/p>\n","protected":false},"featured_media":6587,"template":"","meta":{"pmpro_default_level":"","_monsterinsights_skip_tracking":false,"_monsterinsights_sitenote_active":false,"_monsterinsights_sitenote_note":"","_monsterinsights_sitenote_category":0},"product_brand":[],"product_cat":[174,137],"product_tag":[138],"class_list":{"0":"post-3542","1":"product","2":"type-product","3":"status-publish","4":"has-post-thumbnail","6":"product_cat-fievre-infection","7":"product_cat-formations-a-la-carte","8":"product_tag-academie-des-parents","9":"pmpro-has-access","11":"first","12":"instock","13":"virtual","14":"sold-individually","15":"taxable","16":"purchasable","17":"product-type-course"},"_links":{"self":[{"href":"https:\/\/academiecapucin.com\/en\/wp-json\/wp\/v2\/product\/3542","targetHints":{"allow":["GET"]}}],"collection":[{"href":"https:\/\/academiecapucin.com\/en\/wp-json\/wp\/v2\/product"}],"about":[{"href":"https:\/\/academiecapucin.com\/en\/wp-json\/wp\/v2\/types\/product"}],"wp:featuredmedia":[{"embeddable":true,"href":"https:\/\/academiecapucin.com\/en\/wp-json\/wp\/v2\/media\/6587"}],"wp:attachment":[{"href":"https:\/\/academiecapucin.com\/en\/wp-json\/wp\/v2\/media?parent=3542"}],"wp:term":[{"taxonomy":"product_brand","embeddable":true,"href":"https:\/\/academiecapucin.com\/en\/wp-json\/wp\/v2\/product_brand?post=3542"},{"taxonomy":"product_cat","embeddable":true,"href":"https:\/\/academiecapucin.com\/en\/wp-json\/wp\/v2\/product_cat?post=3542"},{"taxonomy":"product_tag","embeddable":true,"href":"https:\/\/academiecapucin.com\/en\/wp-json\/wp\/v2\/product_tag?post=3542"}],"curies":[{"name":"wp","href":"https:\/\/api.w.org\/{rel}","templated":true}]}}