{"id":3545,"date":"2019-06-06T09:15:52","date_gmt":"2019-06-06T13:15:52","guid":{"rendered":"https:\/\/academiecapucin.com\/?post_type=product&#038;p=3545"},"modified":"2025-02-11T16:48:37","modified_gmt":"2025-02-11T21:48:37","slug":"academie-des-parents-les-maladies-infantiles-lecon-2-1-heure","status":"publish","type":"product","link":"https:\/\/academiecapucin.com\/en\/boutique\/academie-des-parents-les-maladies-infantiles-lecon-2-1-heure\/","title":{"rendered":"Formation de base en naturopathie pour enfants | Les maladies infantiles &#8211; 1 heure"},"content":{"rendered":"<p><strong>Les maladies Infantiles<\/strong><\/p>\n<p>Ce cours portera sur les diff\u00e9rentes maladies infantiles les plus fr\u00e9quentes.\u00a0 Nous ferons la diff\u00e9rence entre les maladies virales et bact\u00e9riennes et survoleront les soins recommand\u00e9s pour chacune d\u2019entre elles.<\/p>\n<ul>\n<li>La ros\u00e9ole<\/li>\n<li>Le pied-main-bouche<\/li>\n<li>Le molluscum contagiosum<\/li>\n<li>La 5e maladie<\/li>\n<li>La varicelle<\/li>\n<li>La coqueluche<\/li>\n<li>L\u2019imp\u00e9tigo<\/li>\n<li>Et plus encore<\/li>\n<\/ul>\n","protected":false},"excerpt":{"rendered":"<p>Ce cours portera sur les diff\u00e9rentes maladies infantiles les plus fr\u00e9quentes.\u00a0 Nous ferons la diff\u00e9rence entre les maladies virales et bact\u00e9riennes et survoleront les soins recommand\u00e9s pour chacune d\u2019entre elles.<\/p>\n","protected":false},"featured_media":6587,"template":"","meta":{"pmpro_default_level":"","_monsterinsights_skip_tracking":false,"_monsterinsights_sitenote_active":false,"_monsterinsights_sitenote_note":"","_monsterinsights_sitenote_category":0},"product_brand":[],"product_cat":[137,177],"product_tag":[138],"class_list":{"0":"post-3545","1":"product","2":"type-product","3":"status-publish","4":"has-post-thumbnail","6":"product_cat-formations-a-la-carte","7":"product_cat-soins-bebe-0-1-an","8":"product_tag-academie-des-parents","9":"pmpro-has-access","11":"first","12":"instock","13":"virtual","14":"sold-individually","15":"taxable","16":"purchasable","17":"product-type-course"},"_links":{"self":[{"href":"https:\/\/academiecapucin.com\/en\/wp-json\/wp\/v2\/product\/3545","targetHints":{"allow":["GET"]}}],"collection":[{"href":"https:\/\/academiecapucin.com\/en\/wp-json\/wp\/v2\/product"}],"about":[{"href":"https:\/\/academiecapucin.com\/en\/wp-json\/wp\/v2\/types\/product"}],"wp:featuredmedia":[{"embeddable":true,"href":"https:\/\/academiecapucin.com\/en\/wp-json\/wp\/v2\/media\/6587"}],"wp:attachment":[{"href":"https:\/\/academiecapucin.com\/en\/wp-json\/wp\/v2\/media?parent=3545"}],"wp:term":[{"taxonomy":"product_brand","embeddable":true,"href":"https:\/\/academiecapucin.com\/en\/wp-json\/wp\/v2\/product_brand?post=3545"},{"taxonomy":"product_cat","embeddable":true,"href":"https:\/\/academiecapucin.com\/en\/wp-json\/wp\/v2\/product_cat?post=3545"},{"taxonomy":"product_tag","embeddable":true,"href":"https:\/\/academiecapucin.com\/en\/wp-json\/wp\/v2\/product_tag?post=3545"}],"curies":[{"name":"wp","href":"https:\/\/api.w.org\/{rel}","templated":true}]}}