{"id":3675,"date":"2019-07-04T16:41:01","date_gmt":"2019-07-04T20:41:01","guid":{"rendered":"https:\/\/academiecapucin.com\/?post_type=product&#038;p=3675"},"modified":"2025-02-11T16:47:44","modified_gmt":"2025-02-11T21:47:44","slug":"30-academie-des-parents-des-histoires-de-cas-lecon-10-1-h","status":"publish","type":"product","link":"https:\/\/academiecapucin.com\/en\/boutique\/30-academie-des-parents-des-histoires-de-cas-lecon-10-1-h\/","title":{"rendered":"Formation de base en naturopathie pour enfants | Des histoires de cas &#8211; 1 heure"},"content":{"rendered":"<p><strong>Histoires de cas<\/strong><\/p>\n<p>Ce cours vise \u00e0 mettre en pratique les notions apprises tout au long des 9 premiers cours de l\u2019Acad\u00e9mie des parents.\u00a0 Une r\u00e9vision des diff\u00e9rents syst\u00e8mes aura lieu et nous ferons des mises en situations afin de bien ma\u00eetriser les informations, les produits et les soins entourant les enfants.<\/p>\n","protected":false},"excerpt":{"rendered":"<p>Ce cours vise \u00e0 mettre en pratique les notions apprises tout au long des 9 premiers cours de l\u2019Acad\u00e9mie des parents.\u00a0 Une r\u00e9vision des diff\u00e9rents syst\u00e8mes aura lieu et nous ferons des mises en situations afin de bien ma\u00eetriser les informations, les produits et les soins entourant les enfants.<\/p>\n","protected":false},"featured_media":6587,"template":"","meta":{"pmpro_default_level":"","_monsterinsights_skip_tracking":false,"_monsterinsights_sitenote_active":false,"_monsterinsights_sitenote_note":"","_monsterinsights_sitenote_category":0},"product_brand":[],"product_cat":[178,174,137,179,177,176,175],"product_tag":[138],"class_list":{"0":"post-3675","1":"product","2":"type-product","3":"status-publish","4":"has-post-thumbnail","6":"product_cat-digestion-elimination","7":"product_cat-fievre-infection","8":"product_cat-formations-a-la-carte","9":"product_cat-grossesse-allaitement","10":"product_cat-soins-bebe-0-1-an","11":"product_cat-sommeil-nervosite-troubles-scolaires","12":"product_cat-toux-allergies-spheres-orl","13":"product_tag-academie-des-parents","14":"pmpro-has-access","16":"first","17":"instock","18":"virtual","19":"sold-individually","20":"taxable","21":"purchasable","22":"product-type-course"},"_links":{"self":[{"href":"https:\/\/academiecapucin.com\/en\/wp-json\/wp\/v2\/product\/3675","targetHints":{"allow":["GET"]}}],"collection":[{"href":"https:\/\/academiecapucin.com\/en\/wp-json\/wp\/v2\/product"}],"about":[{"href":"https:\/\/academiecapucin.com\/en\/wp-json\/wp\/v2\/types\/product"}],"wp:featuredmedia":[{"embeddable":true,"href":"https:\/\/academiecapucin.com\/en\/wp-json\/wp\/v2\/media\/6587"}],"wp:attachment":[{"href":"https:\/\/academiecapucin.com\/en\/wp-json\/wp\/v2\/media?parent=3675"}],"wp:term":[{"taxonomy":"product_brand","embeddable":true,"href":"https:\/\/academiecapucin.com\/en\/wp-json\/wp\/v2\/product_brand?post=3675"},{"taxonomy":"product_cat","embeddable":true,"href":"https:\/\/academiecapucin.com\/en\/wp-json\/wp\/v2\/product_cat?post=3675"},{"taxonomy":"product_tag","embeddable":true,"href":"https:\/\/academiecapucin.com\/en\/wp-json\/wp\/v2\/product_tag?post=3675"}],"curies":[{"name":"wp","href":"https:\/\/api.w.org\/{rel}","templated":true}]}}