{"id":3682,"date":"2019-07-04T17:08:23","date_gmt":"2019-07-04T21:08:23","guid":{"rendered":"https:\/\/academiecapucin.com\/?post_type=product&#038;p=3682"},"modified":"2025-02-11T16:21:38","modified_gmt":"2025-02-11T21:21:38","slug":"b5-academie-des-parents-le-systeme-nerveux-lecon-5-1-h","status":"publish","type":"product","link":"https:\/\/academiecapucin.com\/en\/boutique\/b5-academie-des-parents-le-systeme-nerveux-lecon-5-1-h\/","title":{"rendered":"Acad\u00e9mie des parents (Formation de base) en naturopathie pour enfants | Le syst\u00e8me nerveux &#8211; 1 heure"},"content":{"rendered":"<p><strong>Le syst\u00e8me nerveux<\/strong><\/p>\n<p>Ce cours vise \u00e0 mieux comprendre le syst\u00e8me nerveux d\u2019un enfant et l\u2019impact qu\u2019il a dans son quotidien.\u00a0 La vie a chang\u00e9 depuis que nous \u00e9tions petits et parfois, ce n\u2019est pas \u00e9vident de bien comprendre ce qui se passe dans le corps de l\u2019enfant.\u00a0 L\u2019objectif de ce cours est d\u2019apprendre \u00e0 \u00e9valuer autant les r\u00e9actions physiques de l\u2019enfant que les facteurs environnementaux qui peuvent affecter le syst\u00e8me nerveux et avoir des r\u00e9percussions directes sur le comportement en classe et le rendement.\u00a0 Les Fleurs de Bach seront survol\u00e9es et nous verrons ensemble plusieurs solutions aux probl\u00e8mes nerveux des enfants.<\/p>\n<ul>\n<li>Stress, anxi\u00e9t\u00e9 et nervosit\u00e9<\/li>\n<li>L\u2019insomnie et les cauchemars<\/li>\n<li>Les m\u00e9taux lourds, les radicaux libres et autres causes<\/li>\n<li>Les solutions<\/li>\n<\/ul>\n","protected":false},"excerpt":{"rendered":"<p>Ce cours vise \u00e0 mieux comprendre le syst\u00e8me nerveux d\u2019un enfant et l\u2019impact qu\u2019il a dans son quotidien.<\/p>\n","protected":false},"featured_media":6587,"template":"","meta":{"pmpro_default_level":"","_monsterinsights_skip_tracking":false,"_monsterinsights_sitenote_active":false,"_monsterinsights_sitenote_note":"","_monsterinsights_sitenote_category":0},"product_brand":[],"product_cat":[137,176],"product_tag":[138],"class_list":{"0":"post-3682","1":"product","2":"type-product","3":"status-publish","4":"has-post-thumbnail","6":"product_cat-formations-a-la-carte","7":"product_cat-sommeil-nervosite-troubles-scolaires","8":"product_tag-academie-des-parents","9":"pmpro-has-access","11":"first","12":"instock","13":"virtual","14":"sold-individually","15":"taxable","16":"purchasable","17":"product-type-course"},"_links":{"self":[{"href":"https:\/\/academiecapucin.com\/en\/wp-json\/wp\/v2\/product\/3682","targetHints":{"allow":["GET"]}}],"collection":[{"href":"https:\/\/academiecapucin.com\/en\/wp-json\/wp\/v2\/product"}],"about":[{"href":"https:\/\/academiecapucin.com\/en\/wp-json\/wp\/v2\/types\/product"}],"wp:featuredmedia":[{"embeddable":true,"href":"https:\/\/academiecapucin.com\/en\/wp-json\/wp\/v2\/media\/6587"}],"wp:attachment":[{"href":"https:\/\/academiecapucin.com\/en\/wp-json\/wp\/v2\/media?parent=3682"}],"wp:term":[{"taxonomy":"product_brand","embeddable":true,"href":"https:\/\/academiecapucin.com\/en\/wp-json\/wp\/v2\/product_brand?post=3682"},{"taxonomy":"product_cat","embeddable":true,"href":"https:\/\/academiecapucin.com\/en\/wp-json\/wp\/v2\/product_cat?post=3682"},{"taxonomy":"product_tag","embeddable":true,"href":"https:\/\/academiecapucin.com\/en\/wp-json\/wp\/v2\/product_tag?post=3682"}],"curies":[{"name":"wp","href":"https:\/\/api.w.org\/{rel}","templated":true}]}}