{"id":3683,"date":"2019-07-04T17:11:10","date_gmt":"2019-07-04T21:11:10","guid":{"rendered":"https:\/\/academiecapucin.com\/?post_type=product&#038;p=3683"},"modified":"2025-02-11T16:21:09","modified_gmt":"2025-02-11T21:21:09","slug":"b6-academie-des-parents-les-troubles-scolaires-lecon-6-1-h","status":"publish","type":"product","link":"https:\/\/academiecapucin.com\/en\/boutique\/b6-academie-des-parents-les-troubles-scolaires-lecon-6-1-h\/","title":{"rendered":"Acad\u00e9mie des parents (Formation de base) en naturopathie pour enfants | Les troubles scolaires &#8211; 1 heure"},"content":{"rendered":"<p><strong>Les troubles scolaires<\/strong><\/p>\n<p>Ce cours vise \u00e0 d\u00e9mystifier les diff\u00e9rents troubles scolaires qui sont fr\u00e9quemment v\u00e9cus par les enfants.\u00a0 Ces troubles sont souvent accompagn\u00e9s de causes physiques et nous ferons un survol de celles-ci.\u00a0 Nous verrons aussi ensemble diff\u00e9rentes solutions propos\u00e9es.<\/p>\n<ul>\n<li>Le d\u00e9ficit d\u2019attention<\/li>\n<li>L\u2019hyperactivit\u00e9<\/li>\n<li>Le lunatisme et le manque d\u2019int\u00e9r\u00eat<\/li>\n<li>Les causes<\/li>\n<li>Les solutions<\/li>\n<\/ul>\n","protected":false},"excerpt":{"rendered":"<p>Ce cours vise \u00e0 d\u00e9mystifier les diff\u00e9rents troubles scolaires qui sont fr\u00e9quemment v\u00e9cus par les enfants.\u00a0 Ces troubles sont souvent accompagn\u00e9s de causes physiques et nous ferons un survol de celles-ci.\u00a0 Nous verrons aussi ensemble diff\u00e9rentes solutions propos\u00e9es.<\/p>\n","protected":false},"featured_media":6587,"template":"","meta":{"pmpro_default_level":"","_monsterinsights_skip_tracking":false,"_monsterinsights_sitenote_active":false,"_monsterinsights_sitenote_note":"","_monsterinsights_sitenote_category":0},"product_brand":[],"product_cat":[137,176],"product_tag":[138],"class_list":{"0":"post-3683","1":"product","2":"type-product","3":"status-publish","4":"has-post-thumbnail","6":"product_cat-formations-a-la-carte","7":"product_cat-sommeil-nervosite-troubles-scolaires","8":"product_tag-academie-des-parents","9":"pmpro-has-access","11":"first","12":"instock","13":"virtual","14":"sold-individually","15":"taxable","16":"purchasable","17":"product-type-course"},"_links":{"self":[{"href":"https:\/\/academiecapucin.com\/en\/wp-json\/wp\/v2\/product\/3683","targetHints":{"allow":["GET"]}}],"collection":[{"href":"https:\/\/academiecapucin.com\/en\/wp-json\/wp\/v2\/product"}],"about":[{"href":"https:\/\/academiecapucin.com\/en\/wp-json\/wp\/v2\/types\/product"}],"wp:featuredmedia":[{"embeddable":true,"href":"https:\/\/academiecapucin.com\/en\/wp-json\/wp\/v2\/media\/6587"}],"wp:attachment":[{"href":"https:\/\/academiecapucin.com\/en\/wp-json\/wp\/v2\/media?parent=3683"}],"wp:term":[{"taxonomy":"product_brand","embeddable":true,"href":"https:\/\/academiecapucin.com\/en\/wp-json\/wp\/v2\/product_brand?post=3683"},{"taxonomy":"product_cat","embeddable":true,"href":"https:\/\/academiecapucin.com\/en\/wp-json\/wp\/v2\/product_cat?post=3683"},{"taxonomy":"product_tag","embeddable":true,"href":"https:\/\/academiecapucin.com\/en\/wp-json\/wp\/v2\/product_tag?post=3683"}],"curies":[{"name":"wp","href":"https:\/\/api.w.org\/{rel}","templated":true}]}}