{"id":3685,"date":"2025-07-11T00:00:46","date_gmt":"2025-07-11T04:00:46","guid":{"rendered":"https:\/\/academiecapucin.com\/?post_type=product&#038;p=3685"},"modified":"2025-02-19T12:01:45","modified_gmt":"2025-02-19T17:01:45","slug":"b8-academie-des-parents-lelimination-lecon-8-1-h","status":"publish","type":"product","link":"https:\/\/academiecapucin.com\/en\/boutique\/b8-academie-des-parents-lelimination-lecon-8-1-h\/","title":{"rendered":"Acad\u00e9mie des parents (Formation de base en naturopathie pour enfants) | L\u2019\u00e9limination &#8211; 1 heure"},"content":{"rendered":"<p><strong>L\u2019\u00e9limination<\/strong><\/p>\n<p>La digestion et l\u2019\u00e9limination sont \u00e0 la base des grands principes de la naturopathie et c\u2019est le gros bon sens que lors de surcharge, de mauvaise assimilation ou d\u2019\u00e9limination que le corps r\u00e9agisse et se prot\u00e8ge!\u00a0 Nous regarderons donc ensemble tous les liens \u00e0 faire entre la digestion, l\u2019\u00e9limination et les malaises et maladies que les enfants d\u00e9veloppent.<\/p>\n<ul>\n<li>L\u2019assimilation<\/li>\n<li>L\u2019impact sur le syst\u00e8me immunitaire<\/li>\n<li>La fr\u00e9quence, le transit et l\u2019aspect des selles<\/li>\n<li>La constipation<\/li>\n<li>La diarrh\u00e9e<\/li>\n<li>Les gaz<\/li>\n<\/ul>\n","protected":false},"excerpt":{"rendered":"<p>La digestion et l\u2019\u00e9limination sont \u00e0 la base des grands principes de la naturopathie!\u00a0 Nous regarderons donc ensemble tous les liens \u00e0 faire entre la digestion, l\u2019\u00e9limination et les malaises et maladies que les enfants d\u00e9veloppent.<\/p>\n","protected":false},"featured_media":6587,"template":"","meta":{"pmpro_default_level":"","_monsterinsights_skip_tracking":false,"_monsterinsights_sitenote_active":false,"_monsterinsights_sitenote_note":"","_monsterinsights_sitenote_category":0},"product_brand":[],"product_cat":[178,137],"product_tag":[138],"class_list":{"0":"post-3685","1":"product","2":"type-product","3":"status-publish","4":"has-post-thumbnail","6":"product_cat-digestion-elimination","7":"product_cat-formations-a-la-carte","8":"product_tag-academie-des-parents","9":"pmpro-has-access","11":"first","12":"instock","13":"virtual","14":"sold-individually","15":"taxable","16":"purchasable","17":"product-type-course"},"_links":{"self":[{"href":"https:\/\/academiecapucin.com\/en\/wp-json\/wp\/v2\/product\/3685","targetHints":{"allow":["GET"]}}],"collection":[{"href":"https:\/\/academiecapucin.com\/en\/wp-json\/wp\/v2\/product"}],"about":[{"href":"https:\/\/academiecapucin.com\/en\/wp-json\/wp\/v2\/types\/product"}],"wp:featuredmedia":[{"embeddable":true,"href":"https:\/\/academiecapucin.com\/en\/wp-json\/wp\/v2\/media\/6587"}],"wp:attachment":[{"href":"https:\/\/academiecapucin.com\/en\/wp-json\/wp\/v2\/media?parent=3685"}],"wp:term":[{"taxonomy":"product_brand","embeddable":true,"href":"https:\/\/academiecapucin.com\/en\/wp-json\/wp\/v2\/product_brand?post=3685"},{"taxonomy":"product_cat","embeddable":true,"href":"https:\/\/academiecapucin.com\/en\/wp-json\/wp\/v2\/product_cat?post=3685"},{"taxonomy":"product_tag","embeddable":true,"href":"https:\/\/academiecapucin.com\/en\/wp-json\/wp\/v2\/product_tag?post=3685"}],"curies":[{"name":"wp","href":"https:\/\/api.w.org\/{rel}","templated":true}]}}