{"id":3686,"date":"2025-07-11T00:00:00","date_gmt":"2025-07-11T04:00:00","guid":{"rendered":"https:\/\/academiecapucin.com\/?post_type=product&#038;p=3686"},"modified":"2025-02-19T12:02:26","modified_gmt":"2025-02-19T17:02:26","slug":"b9-academie-des-parents-les-soins-du-nourrisson-et-la-poussee-dentaire-lecon-9-1-h","status":"publish","type":"product","link":"https:\/\/academiecapucin.com\/en\/boutique\/b9-academie-des-parents-les-soins-du-nourrisson-et-la-poussee-dentaire-lecon-9-1-h\/","title":{"rendered":"Acad\u00e9mie des parents (Formation de base en sant\u00e9 naturelle pour enfants) | Les soins du nourrisson et la pouss\u00e9e dentaire &#8211; 1 heure"},"content":{"rendered":"<p><strong>Les soins du nourrisson<\/strong><\/p>\n<p>L\u2019objectif du cours sur les soins du nourrisson est de reconna\u00eetre les sympt\u00f4mes d\u00e8s leurs apparitions.\u00a0 Les principes de base en sant\u00e9 du nourrisson sont simples et nous les verrons durant ce cours.\u00a0 Nous survolerons \u00e9galement tout ce qui a trait \u00e0 la pouss\u00e9e dentaire et sur les maux de l\u2019enfant de 0 \u00e0 6 mois.<\/p>\n<ul>\n<li>Coliques<\/li>\n<li>Acn\u00e9 de b\u00e9b\u00e9<\/li>\n<li>Chapeau<\/li>\n<li>Reflux gastrique<\/li>\n<li>Chronologie de la pouss\u00e9e dentaire<\/li>\n<li>Fi\u00e8vre et sympt\u00f4mes possibles<\/li>\n<li>Le soulagement naturel<\/li>\n<\/ul>\n","protected":false},"excerpt":{"rendered":"<p>Dans ce cours sur les soins du nourrisson, le but est de reconna\u00eetre les sympt\u00f4mes d\u00e8s leurs apparitions.\u00a0 Les principes de base en sant\u00e9 du nourrisson sont simples et nous les verrons durant ce cours.\u00a0 Nous survolerons \u00e9galement tout ce qui a trait \u00e0 la pouss\u00e9e dentaire et sur les maux de l\u2019enfant de 0 \u00e0 6 mois.<\/p>\n","protected":false},"featured_media":6587,"template":"","meta":{"pmpro_default_level":"","_monsterinsights_skip_tracking":false,"_monsterinsights_sitenote_active":false,"_monsterinsights_sitenote_note":"","_monsterinsights_sitenote_category":0},"product_brand":[],"product_cat":[137,177],"product_tag":[138],"class_list":{"0":"post-3686","1":"product","2":"type-product","3":"status-publish","4":"has-post-thumbnail","6":"product_cat-formations-a-la-carte","7":"product_cat-soins-bebe-0-1-an","8":"product_tag-academie-des-parents","9":"pmpro-has-access","11":"first","12":"instock","13":"virtual","14":"sold-individually","15":"taxable","16":"purchasable","17":"product-type-course"},"_links":{"self":[{"href":"https:\/\/academiecapucin.com\/en\/wp-json\/wp\/v2\/product\/3686","targetHints":{"allow":["GET"]}}],"collection":[{"href":"https:\/\/academiecapucin.com\/en\/wp-json\/wp\/v2\/product"}],"about":[{"href":"https:\/\/academiecapucin.com\/en\/wp-json\/wp\/v2\/types\/product"}],"wp:featuredmedia":[{"embeddable":true,"href":"https:\/\/academiecapucin.com\/en\/wp-json\/wp\/v2\/media\/6587"}],"wp:attachment":[{"href":"https:\/\/academiecapucin.com\/en\/wp-json\/wp\/v2\/media?parent=3686"}],"wp:term":[{"taxonomy":"product_brand","embeddable":true,"href":"https:\/\/academiecapucin.com\/en\/wp-json\/wp\/v2\/product_brand?post=3686"},{"taxonomy":"product_cat","embeddable":true,"href":"https:\/\/academiecapucin.com\/en\/wp-json\/wp\/v2\/product_cat?post=3686"},{"taxonomy":"product_tag","embeddable":true,"href":"https:\/\/academiecapucin.com\/en\/wp-json\/wp\/v2\/product_tag?post=3686"}],"curies":[{"name":"wp","href":"https:\/\/api.w.org\/{rel}","templated":true}]}}