{"id":6807,"date":"2020-02-06T12:07:46","date_gmt":"2020-02-06T17:07:46","guid":{"rendered":"https:\/\/academiecapucin.com\/?post_type=product&#038;p=6807"},"modified":"2022-07-19T10:18:10","modified_gmt":"2022-07-19T14:18:10","slug":"formation-sur-les-fleurs-de-bach-6-heures","status":"publish","type":"product","link":"https:\/\/academiecapucin.com\/en\/boutique\/formation-sur-les-fleurs-de-bach-6-heures\/","title":{"rendered":"Formation sur les fleurs de Bach | 6 heures"},"content":{"rendered":"<p>Dans cette formation, vous d\u00e9couvrirez les 38 essences des fleurs de Bach et les 7 groupes d\u2019\u00e9motions.<\/p>\n<p>Les fleurs de Bach sont des \u00e9lixirs floraux qui agissent positivement sur les \u00e9motions n\u00e9gatives ou les humeurs afin de les changer positivement.<\/p>\n<p>Dur\u00e9e : 6h<\/p>\n","protected":false},"excerpt":{"rendered":"<p>Dans cette formation, vous d\u00e9couvrirez les 38 essences des fleurs de Bach et les 7 groupes d\u2019\u00e9motions. Les fleurs de Bach sont des \u00e9lixirs floraux&hellip;<\/p>\n","protected":false},"featured_media":6764,"template":"","meta":{"pmpro_default_level":"","_monsterinsights_skip_tracking":false,"_monsterinsights_sitenote_active":false,"_monsterinsights_sitenote_note":"","_monsterinsights_sitenote_category":0},"product_brand":[],"product_cat":[137],"product_tag":[],"class_list":{"0":"post-6807","1":"product","2":"type-product","3":"status-publish","4":"has-post-thumbnail","6":"product_cat-formations-a-la-carte","7":"product_shipping_class-virtuel","8":"pmpro-has-access","10":"first","11":"instock","12":"virtual","13":"taxable","14":"purchasable","15":"product-type-simple"},"_links":{"self":[{"href":"https:\/\/academiecapucin.com\/en\/wp-json\/wp\/v2\/product\/6807","targetHints":{"allow":["GET"]}}],"collection":[{"href":"https:\/\/academiecapucin.com\/en\/wp-json\/wp\/v2\/product"}],"about":[{"href":"https:\/\/academiecapucin.com\/en\/wp-json\/wp\/v2\/types\/product"}],"wp:featuredmedia":[{"embeddable":true,"href":"https:\/\/academiecapucin.com\/en\/wp-json\/wp\/v2\/media\/6764"}],"wp:attachment":[{"href":"https:\/\/academiecapucin.com\/en\/wp-json\/wp\/v2\/media?parent=6807"}],"wp:term":[{"taxonomy":"product_brand","embeddable":true,"href":"https:\/\/academiecapucin.com\/en\/wp-json\/wp\/v2\/product_brand?post=6807"},{"taxonomy":"product_cat","embeddable":true,"href":"https:\/\/academiecapucin.com\/en\/wp-json\/wp\/v2\/product_cat?post=6807"},{"taxonomy":"product_tag","embeddable":true,"href":"https:\/\/academiecapucin.com\/en\/wp-json\/wp\/v2\/product_tag?post=6807"}],"curies":[{"name":"wp","href":"https:\/\/api.w.org\/{rel}","templated":true}]}}