{"id":6928,"date":"2020-03-09T11:19:20","date_gmt":"2020-03-09T15:19:20","guid":{"rendered":"https:\/\/academiecapucin.com\/?post_type=product&#038;p=6928"},"modified":"2022-07-19T10:17:44","modified_gmt":"2022-07-19T14:17:44","slug":"les-infections-et-les-huiles-essentielles-michel-turbide","status":"publish","type":"product","link":"https:\/\/academiecapucin.com\/en\/boutique\/les-infections-et-les-huiles-essentielles-michel-turbide\/","title":{"rendered":"Les infections et les huiles essentielles |  Michel Turbide | 1 H"},"content":{"rendered":"<p><a href=\"https:\/\/academiecapucin.com\/biographie-michel-turbide\/\">Michel Turbide<\/a>, aromath\u00e9rapeute de renom, pr\u00e9sente les pouvoirs th\u00e9rapeutiques des huiles essentielles.<\/p>\n<p>Principalement utilis\u00e9es pour les infections virales ou bact\u00e9riennes, elles peuvent aussi \u00eatre utiles lors d\u2019infections fongiques et parasitaires.<\/p>\n<p>Dur\u00e9e : 58 minutes<\/p>\n","protected":false},"excerpt":{"rendered":"<p>Michel Turbide, aromath\u00e9rapeute de renom, pr\u00e9sente les pouvoirs th\u00e9rapeutiques des huiles essentielles. Principalement utilis\u00e9es pour les infections virales ou bact\u00e9riennes, elles peuvent aussi \u00eatre utiles&hellip;<\/p>\n","protected":false},"featured_media":7022,"template":"","meta":{"pmpro_default_level":"","_monsterinsights_skip_tracking":false,"_monsterinsights_sitenote_active":false,"_monsterinsights_sitenote_note":"","_monsterinsights_sitenote_category":0},"product_brand":[],"product_cat":[174,137],"product_tag":[],"class_list":{"0":"post-6928","1":"product","2":"type-product","3":"status-publish","4":"has-post-thumbnail","6":"product_cat-fievre-infection","7":"product_cat-formations-a-la-carte","8":"pmpro-has-access","10":"first","11":"instock","12":"virtual","13":"sold-individually","14":"taxable","15":"purchasable","16":"product-type-course"},"_links":{"self":[{"href":"https:\/\/academiecapucin.com\/en\/wp-json\/wp\/v2\/product\/6928","targetHints":{"allow":["GET"]}}],"collection":[{"href":"https:\/\/academiecapucin.com\/en\/wp-json\/wp\/v2\/product"}],"about":[{"href":"https:\/\/academiecapucin.com\/en\/wp-json\/wp\/v2\/types\/product"}],"wp:featuredmedia":[{"embeddable":true,"href":"https:\/\/academiecapucin.com\/en\/wp-json\/wp\/v2\/media\/7022"}],"wp:attachment":[{"href":"https:\/\/academiecapucin.com\/en\/wp-json\/wp\/v2\/media?parent=6928"}],"wp:term":[{"taxonomy":"product_brand","embeddable":true,"href":"https:\/\/academiecapucin.com\/en\/wp-json\/wp\/v2\/product_brand?post=6928"},{"taxonomy":"product_cat","embeddable":true,"href":"https:\/\/academiecapucin.com\/en\/wp-json\/wp\/v2\/product_cat?post=6928"},{"taxonomy":"product_tag","embeddable":true,"href":"https:\/\/academiecapucin.com\/en\/wp-json\/wp\/v2\/product_tag?post=6928"}],"curies":[{"name":"wp","href":"https:\/\/api.w.org\/{rel}","templated":true}]}}