{"id":6929,"date":"2020-03-09T11:22:02","date_gmt":"2020-03-09T15:22:02","guid":{"rendered":"https:\/\/academiecapucin.com\/?post_type=product&#038;p=6929"},"modified":"2022-07-19T10:17:31","modified_gmt":"2022-07-19T14:17:31","slug":"le-systeme-respiratoire-didier-gall","status":"publish","type":"product","link":"https:\/\/academiecapucin.com\/en\/boutique\/le-systeme-respiratoire-didier-gall\/","title":{"rendered":"Le syst\u00e8me respiratoire | Didier Gall &#8211; 1h15"},"content":{"rendered":"<p><a href=\"https:\/\/academiecapucin.com\/biographie-didier-gall\/\">Didier Gall<\/a> est massoth\u00e9rapeute, kin\u00e9sith\u00e9rapeute agr\u00e9\u00e9 et aromath\u00e9rapeute agr\u00e9\u00e9. Il nous pr\u00e9sente les particularit\u00e9s du syst\u00e8me respiratoire chez le nourrisson et le jeune enfant, et nous parle des diff\u00e9rentes infections respiratoires touchant les enfants.<\/p>\n<p>Il nous aide \u00e0 comprendre comment pr\u00e9venir les obstructions, l\u2019inflammation et les risques de complications dans le syst\u00e8me ORL.<\/p>\n<p>Dur\u00e9e : 1h15<\/p>\n","protected":false},"excerpt":{"rendered":"<p>Didier Gall est massoth\u00e9rapeute, kin\u00e9sith\u00e9rapeute agr\u00e9\u00e9 et aromath\u00e9rapeute agr\u00e9\u00e9. Il nous pr\u00e9sente les particularit\u00e9s du syst\u00e8me respiratoire chez le nourrisson et le jeune enfant, et&hellip;<\/p>\n","protected":false},"featured_media":7044,"template":"","meta":{"pmpro_default_level":"","_monsterinsights_skip_tracking":false,"_monsterinsights_sitenote_active":false,"_monsterinsights_sitenote_note":"","_monsterinsights_sitenote_category":0},"product_brand":[],"product_cat":[137,182,175],"product_tag":[],"class_list":{"0":"post-6929","1":"product","2":"type-product","3":"status-publish","4":"has-post-thumbnail","6":"product_cat-formations-a-la-carte","7":"product_cat-formations-specialisees","8":"product_cat-toux-allergies-spheres-orl","9":"pmpro-has-access","11":"first","12":"instock","13":"virtual","14":"sold-individually","15":"taxable","16":"purchasable","17":"product-type-course"},"_links":{"self":[{"href":"https:\/\/academiecapucin.com\/en\/wp-json\/wp\/v2\/product\/6929","targetHints":{"allow":["GET"]}}],"collection":[{"href":"https:\/\/academiecapucin.com\/en\/wp-json\/wp\/v2\/product"}],"about":[{"href":"https:\/\/academiecapucin.com\/en\/wp-json\/wp\/v2\/types\/product"}],"wp:featuredmedia":[{"embeddable":true,"href":"https:\/\/academiecapucin.com\/en\/wp-json\/wp\/v2\/media\/7044"}],"wp:attachment":[{"href":"https:\/\/academiecapucin.com\/en\/wp-json\/wp\/v2\/media?parent=6929"}],"wp:term":[{"taxonomy":"product_brand","embeddable":true,"href":"https:\/\/academiecapucin.com\/en\/wp-json\/wp\/v2\/product_brand?post=6929"},{"taxonomy":"product_cat","embeddable":true,"href":"https:\/\/academiecapucin.com\/en\/wp-json\/wp\/v2\/product_cat?post=6929"},{"taxonomy":"product_tag","embeddable":true,"href":"https:\/\/academiecapucin.com\/en\/wp-json\/wp\/v2\/product_tag?post=6929"}],"curies":[{"name":"wp","href":"https:\/\/api.w.org\/{rel}","templated":true}]}}