{"id":6957,"date":"2020-03-23T21:42:40","date_gmt":"2020-03-24T01:42:40","guid":{"rendered":"https:\/\/academiecapucin.com\/?post_type=product&#038;p=6957"},"modified":"2022-07-19T10:17:03","modified_gmt":"2022-07-19T14:17:03","slug":"les-troubles-scolaires-irene-duranleau-1h45","status":"publish","type":"product","link":"https:\/\/academiecapucin.com\/en\/boutique\/les-troubles-scolaires-irene-duranleau-1h45\/","title":{"rendered":"Les troubles scolaires | Ir\u00e8ne Duranleau, 1h30"},"content":{"rendered":"<p><a href=\"https:\/\/academiecapucin.com\/courses\/les-troubles-scolaire-irene-dureanleau-1h30\/\">Ir\u00e8ne Duranleau<\/a>, formatrice en neurop\u00e9dagogie et en neuromanagement, pr\u00e9sente les diff\u00e9rents contextes qui peuvent accentuer les troubles scolaires chez les enfants, tout en donnant des exemples concrets vous permettant de mieux cibler vos interventions chez vos enfants.<\/p>\n<p>Dur\u00e9e : 1h30<\/p>\n","protected":false},"excerpt":{"rendered":"<p>Ir\u00e8ne Duranleau, formatrice en neurop\u00e9dagogie et en neuromanagement, pr\u00e9sente les diff\u00e9rents contextes qui peuvent accentuer les troubles scolaires chez les enfants, tout en donnant des&hellip;<\/p>\n","protected":false},"featured_media":7043,"template":"","meta":{"pmpro_default_level":"","_monsterinsights_skip_tracking":false,"_monsterinsights_sitenote_active":false,"_monsterinsights_sitenote_note":"","_monsterinsights_sitenote_category":0},"product_brand":[],"product_cat":[137,182,176],"product_tag":[],"class_list":{"0":"post-6957","1":"product","2":"type-product","3":"status-publish","4":"has-post-thumbnail","6":"product_cat-formations-a-la-carte","7":"product_cat-formations-specialisees","8":"product_cat-sommeil-nervosite-troubles-scolaires","9":"pmpro-has-access","11":"first","12":"instock","13":"virtual","14":"taxable","15":"purchasable","16":"product-type-simple"},"_links":{"self":[{"href":"https:\/\/academiecapucin.com\/en\/wp-json\/wp\/v2\/product\/6957","targetHints":{"allow":["GET"]}}],"collection":[{"href":"https:\/\/academiecapucin.com\/en\/wp-json\/wp\/v2\/product"}],"about":[{"href":"https:\/\/academiecapucin.com\/en\/wp-json\/wp\/v2\/types\/product"}],"wp:featuredmedia":[{"embeddable":true,"href":"https:\/\/academiecapucin.com\/en\/wp-json\/wp\/v2\/media\/7043"}],"wp:attachment":[{"href":"https:\/\/academiecapucin.com\/en\/wp-json\/wp\/v2\/media?parent=6957"}],"wp:term":[{"taxonomy":"product_brand","embeddable":true,"href":"https:\/\/academiecapucin.com\/en\/wp-json\/wp\/v2\/product_brand?post=6957"},{"taxonomy":"product_cat","embeddable":true,"href":"https:\/\/academiecapucin.com\/en\/wp-json\/wp\/v2\/product_cat?post=6957"},{"taxonomy":"product_tag","embeddable":true,"href":"https:\/\/academiecapucin.com\/en\/wp-json\/wp\/v2\/product_tag?post=6957"}],"curies":[{"name":"wp","href":"https:\/\/api.w.org\/{rel}","templated":true}]}}