{"id":6984,"date":"2020-04-06T14:12:34","date_gmt":"2020-04-06T18:12:34","guid":{"rendered":"https:\/\/academiecapucin.com\/?post_type=product&#038;p=6984"},"modified":"2023-06-20T14:48:46","modified_gmt":"2023-06-20T18:48:46","slug":"alimentation-chez-les-tout-petits-lise-harbeck-2h45","status":"publish","type":"product","link":"https:\/\/academiecapucin.com\/en\/boutique\/alimentation-chez-les-tout-petits-lise-harbeck-2h45\/","title":{"rendered":"L\u2019alimentation chez les tout-petits | Lise Harbeck &#8211; 2h45"},"content":{"rendered":"<p><a href=\"https:\/\/academiecapucin.com\/biographie-lise-harbeck\/\">Lise Harbeck<\/a>, titulaire d\u2019un baccalaur\u00e9at en nutrition, d\u2019un dipl\u00f4me en naturopathie et directrice de l\u2019\u00c9cole de naturoth\u00e9rapie du Qu\u00e9bec, pr\u00e9sente la base de l\u2019alimentation chez l\u2019enfant : les diff\u00e9rents aliments et \u00e0 quel moment leur int\u00e9gration devrait se faire selon le m\u00e9tabolisme des tout-petits.<\/p>\n<p>De plus, les intol\u00e9rances alimentaires sont abord\u00e9es.<\/p>\n<p>Dur\u00e9e : 2h45<\/p>\n","protected":false},"excerpt":{"rendered":"<p>Lise Harbeck, titulaire d\u2019un baccalaur\u00e9at en nutrition, d\u2019un dipl\u00f4me en naturopathie et directrice de l\u2019\u00c9cole de naturoth\u00e9rapie du Qu\u00e9bec, pr\u00e9sente la base de l\u2019alimentation chez&hellip;<\/p>\n","protected":false},"featured_media":7042,"template":"","meta":{"pmpro_default_level":"","_monsterinsights_skip_tracking":false,"_monsterinsights_sitenote_active":false,"_monsterinsights_sitenote_note":"","_monsterinsights_sitenote_category":0},"product_brand":[],"product_cat":[178,137,182],"product_tag":[],"class_list":{"0":"post-6984","1":"product","2":"type-product","3":"status-publish","4":"has-post-thumbnail","6":"product_cat-digestion-elimination","7":"product_cat-formations-a-la-carte","8":"product_cat-formations-specialisees","9":"pmpro-has-access","11":"first","12":"instock","13":"virtual","14":"taxable","15":"purchasable","16":"product-type-simple"},"_links":{"self":[{"href":"https:\/\/academiecapucin.com\/en\/wp-json\/wp\/v2\/product\/6984","targetHints":{"allow":["GET"]}}],"collection":[{"href":"https:\/\/academiecapucin.com\/en\/wp-json\/wp\/v2\/product"}],"about":[{"href":"https:\/\/academiecapucin.com\/en\/wp-json\/wp\/v2\/types\/product"}],"wp:featuredmedia":[{"embeddable":true,"href":"https:\/\/academiecapucin.com\/en\/wp-json\/wp\/v2\/media\/7042"}],"wp:attachment":[{"href":"https:\/\/academiecapucin.com\/en\/wp-json\/wp\/v2\/media?parent=6984"}],"wp:term":[{"taxonomy":"product_brand","embeddable":true,"href":"https:\/\/academiecapucin.com\/en\/wp-json\/wp\/v2\/product_brand?post=6984"},{"taxonomy":"product_cat","embeddable":true,"href":"https:\/\/academiecapucin.com\/en\/wp-json\/wp\/v2\/product_cat?post=6984"},{"taxonomy":"product_tag","embeddable":true,"href":"https:\/\/academiecapucin.com\/en\/wp-json\/wp\/v2\/product_tag?post=6984"}],"curies":[{"name":"wp","href":"https:\/\/api.w.org\/{rel}","templated":true}]}}