{"id":7322,"date":"2020-05-21T13:38:52","date_gmt":"2020-05-21T17:38:52","guid":{"rendered":"https:\/\/academiecapucin.com\/?post_type=product&#038;p=7322"},"modified":"2022-07-19T10:15:51","modified_gmt":"2022-07-19T14:15:51","slug":"cartes-cadeaux","status":"publish","type":"product","link":"https:\/\/academiecapucin.com\/en\/boutique\/cartes-cadeaux\/","title":{"rendered":"Cartes-cadeaux"},"content":{"rendered":"<h1>Les cartes-cadeaux de l&#8217;Acad\u00e9mie Capucin : le cadeau id\u00e9al pour ceux qu&#8217;on aime!<\/h1>\n<p>Les conditions d&#8217;utilisation des cartes-cadeaux sont conformes \u00e0 la loi de la Protection du Consommateur. Elles ont la valeur int\u00e9grale inscrite sur le certificat d&#8217;achat et non pas de date d&#8217;expiration.<\/p>\n<p>Nous offrons un acc\u00e8s au suivi de votre carte-cadeau avec une inscription \u00e0 notre syst\u00e8me.<\/p>\n<p>Les cartes-cadeaux ne peuvent pas servir \u00e0 acheter d&#8217;autres cartes-cadeaux, mais sont utilisables pour tous les achats dans notre site de l&#8217;Acad\u00e9mie Capucin.<\/p>\n<p>Les cartes-cadeaux de l&#8217;Acad\u00e9mie Capucin ne sont pas valides dans les boutiques Le Capucin ni sur le site Web <a href=\"https:\/\/lecapucin.ca\" target=\"_blank\" rel=\"noopener noreferrer\">www.lecapucin.ca<\/a><\/p>\n<p>\u00c0 l&#8217;achat, vous pouvez envoyer votre carte-cadeau via un courriel personnalis\u00e9 pour offrir votre carte-cadeau. Si vous souhaitez des cartes physiques, SVP veuillez communiquer avec notre <a href=\"https:\/\/academiecapucin.com\/pour-nous-joindre\/\" target=\"_blank\" rel=\"noopener noreferrer\">service \u00e0 la client\u00e8le<\/a>. Des frais s&#8217;appliqueront selon l&#8217;endroit et le choix de votre colis.<\/p>\n","protected":false},"excerpt":{"rendered":"<h2>OFFRIR UNE CARTE-CADEAU DE L&#8217;ACAD\u00c9MIE CAPUCIN SELON LES OPTIONS SUIVANTES<\/h2>\n<ul>\n<li><span style=\"color: #000000;\"><strong>Formation d&#8217;une heure | <\/strong>34.50 $*\u00a0<\/span><\/li>\n<li><strong>Formation de 6 h | <\/strong>143,75 $*<\/li>\n<li><strong>Formation de l&#8217;Acad\u00e9mie des parents | <\/strong>287.50 $*<\/li>\n<li><\/li>\n<li><strong>Formation int\u00e9grale en naturopathie pour enfants | <\/strong>1207.24 $*<\/li>\n<li><\/li>\n<li><strong>Choisissez le montant de votre choix<\/strong><\/li>\n<\/ul>\n<p>*taxes incluses<\/p>\n","protected":false},"featured_media":7840,"template":"","meta":{"pmpro_default_level":"","_monsterinsights_skip_tracking":false,"_monsterinsights_sitenote_active":false,"_monsterinsights_sitenote_note":"","_monsterinsights_sitenote_category":0},"product_brand":[],"product_cat":[195],"product_tag":[196],"class_list":{"0":"post-7322","1":"product","2":"type-product","3":"status-publish","4":"has-post-thumbnail","6":"product_cat-cartes-cadeaux","7":"product_tag-carte-cadeau","8":"pmpro-has-access","10":"first","11":"instock","12":"featured","13":"purchasable","14":"product-type-pw-gift-card","15":"has-default-attributes"},"_links":{"self":[{"href":"https:\/\/academiecapucin.com\/en\/wp-json\/wp\/v2\/product\/7322","targetHints":{"allow":["GET"]}}],"collection":[{"href":"https:\/\/academiecapucin.com\/en\/wp-json\/wp\/v2\/product"}],"about":[{"href":"https:\/\/academiecapucin.com\/en\/wp-json\/wp\/v2\/types\/product"}],"wp:featuredmedia":[{"embeddable":true,"href":"https:\/\/academiecapucin.com\/en\/wp-json\/wp\/v2\/media\/7840"}],"wp:attachment":[{"href":"https:\/\/academiecapucin.com\/en\/wp-json\/wp\/v2\/media?parent=7322"}],"wp:term":[{"taxonomy":"product_brand","embeddable":true,"href":"https:\/\/academiecapucin.com\/en\/wp-json\/wp\/v2\/product_brand?post=7322"},{"taxonomy":"product_cat","embeddable":true,"href":"https:\/\/academiecapucin.com\/en\/wp-json\/wp\/v2\/product_cat?post=7322"},{"taxonomy":"product_tag","embeddable":true,"href":"https:\/\/academiecapucin.com\/en\/wp-json\/wp\/v2\/product_tag?post=7322"}],"curies":[{"name":"wp","href":"https:\/\/api.w.org\/{rel}","templated":true}]}}